{"id":52758,"date":"2024-06-20T17:18:46","date_gmt":"2024-06-20T17:18:46","guid":{"rendered":"https:\/\/gavermedmening.dk\/vare\/luksus-badesalt-blaa-lavendel-500-gr\/"},"modified":"2025-05-20T08:35:14","modified_gmt":"2025-05-20T08:35:14","slug":"luksus-badesalt-blaa-lavendel-500-gr","status":"publish","type":"product","link":"https:\/\/gavermedmening.dk\/?product=luksus-badesalt-blaa-lavendel-500-gr","title":{"rendered":"Luksus Badesalt &#8211; Bl\u00e5  lavendel 500 gr"},"content":{"rendered":"<p><strong>Beskrivelse<\/strong><\/p>\n<p>Det D\u00f8de Hav er st\u00e6rkt koncentreret med mineralsalte. 10 gange h\u00f8jere end andre have og oceaner. D\u00f8dehavs Saltet er unikt i sin kemiske sammens\u00e6tning og omfatter over 26 forskellige typer mineraler s\u00e5som: Kalium, Magnesium, Zink, Jern, Jod og mere. Luksus badesaltene anbefales st\u00e6rkt til at hj\u00e6lpe kroppen med at slappe af samt til\u00a0 huden og til tr\u00e6tte h\u00e6vede f\u00f8dder, de tilf\u00f8jer en vidunderlig f\u00f8lelse af friskhed og afslapning.<\/p>\n<p>500 gram<\/p>\n","protected":false},"excerpt":{"rendered":"<p>Beskrivelse Det D\u00f8de Hav er st\u00e6rkt koncentreret med mineralsalte. 10 gange h\u00f8jere end andre have og oceaner. D\u00f8dehavs Saltet er unikt i sin kemiske sammens\u00e6tning og omfatter over 26 forskellige typer mineraler s\u00e5som: Kalium, Magnesium, Zink, Jern, Jod og mere. Luksus badesaltene anbefales st\u00e6rkt til at hj\u00e6lpe kroppen med at slappe af samt til\u00a0 huden [&hellip;]<\/p>\n","protected":false},"featured_media":0,"comment_status":"closed","ping_status":"closed","template":"","meta":{"_acf_changed":false,"_et_pb_use_builder":"","_et_pb_old_content":"","_et_gb_content_width":""},"product_brand":[],"product_cat":[6406,6405],"product_tag":[6407],"class_list":{"0":"post-52758","1":"product","2":"type-product","3":"status-publish","5":"product_cat-hbds","6":"product_cat-personlig-pleje","7":"product_tag-health-beauty-dead-sea-miner","9":"first","10":"instock","11":"taxable","12":"shipping-taxable","13":"purchasable","14":"product-type-simple"},"acf":[],"_links":{"self":[{"href":"https:\/\/gavermedmening.dk\/index.php?rest_route=\/wp\/v2\/product\/52758","targetHints":{"allow":["GET"]}}],"collection":[{"href":"https:\/\/gavermedmening.dk\/index.php?rest_route=\/wp\/v2\/product"}],"about":[{"href":"https:\/\/gavermedmening.dk\/index.php?rest_route=\/wp\/v2\/types\/product"}],"replies":[{"embeddable":true,"href":"https:\/\/gavermedmening.dk\/index.php?rest_route=%2Fwp%2Fv2%2Fcomments&post=52758"}],"wp:attachment":[{"href":"https:\/\/gavermedmening.dk\/index.php?rest_route=%2Fwp%2Fv2%2Fmedia&parent=52758"}],"wp:term":[{"taxonomy":"product_brand","embeddable":true,"href":"https:\/\/gavermedmening.dk\/index.php?rest_route=%2Fwp%2Fv2%2Fproduct_brand&post=52758"},{"taxonomy":"product_cat","embeddable":true,"href":"https:\/\/gavermedmening.dk\/index.php?rest_route=%2Fwp%2Fv2%2Fproduct_cat&post=52758"},{"taxonomy":"product_tag","embeddable":true,"href":"https:\/\/gavermedmening.dk\/index.php?rest_route=%2Fwp%2Fv2%2Fproduct_tag&post=52758"}],"curies":[{"name":"wp","href":"https:\/\/api.w.org\/{rel}","templated":true}]}}