{"id":52760,"date":"2024-06-20T17:14:58","date_gmt":"2024-06-20T17:14:58","guid":{"rendered":"https:\/\/gavermedmening.dk\/vare\/forfriskende-multifunktionel-aloe-vera-creme-180-ml\/"},"modified":"2024-11-05T20:44:02","modified_gmt":"2024-11-05T20:44:02","slug":"forfriskende-multifunktionel-aloe-vera-creme-180-ml","status":"publish","type":"product","link":"https:\/\/gavermedmening.dk\/?product=forfriskende-multifunktionel-aloe-vera-creme-180-ml","title":{"rendered":"Forfriskende multifunktionel Aloe Vera creme (180 ml)"},"content":{"rendered":"<p>Multifunktionel Aloe Vera-cremen er beriget med vitamin A + C, avocado-olie og aktive D\u00f8dehavsmineraler, som n\u00e6rer huden og giver den elasticitet og langvarig fugt.<\/p>\n<p>Aloe Vera har mange fordele: bl\u00f8dg\u00f8r, beroliger og n\u00e6rer huden og giver huden en f\u00f8lelse af vitalitet. Desuden er det den perfekte l\u00f8sning til behandling efter h\u00e5rfjerning s\u00e5som barbering, voks eller laser.<\/p>\n<p>B\u00e5de velegnet til m\u00e6nd og kvinder.<br \/>\nMultifunktionel Aloe Vera creme er ogs\u00e5 velegnet til brug af b\u00f8rn.<\/p>\n<hr \/>\n<p>HB Dead Sea-produkterne er baseret p\u00e5 mineraler fra Det D\u00f8de Hav, beriget med vitaminer, planteekstrater og aromatiske olier for at opn\u00e5 sund og skinnende hud og h\u00e5r.<\/p>\n<p>De kosmetiske produkter fra Israel bliver fremstillet i overensstemmelse med internationale forskrifter (ISO og GMP) og ingen produkter er testet p\u00e5 dyr.<\/p>\n","protected":false},"excerpt":{"rendered":"<p>Multifunktionel Aloe Vera-cremen er beriget med vitamin A + C, avocado-olie og aktive D\u00f8dehavsmineraler, som n\u00e6rer huden og giver den elasticitet og langvarig fugt. Aloe Vera har mange fordele: bl\u00f8dg\u00f8r, beroliger og n\u00e6rer huden og giver huden en f\u00f8lelse af vitalitet. Desuden er det den perfekte l\u00f8sning til behandling efter h\u00e5rfjerning s\u00e5som barbering, voks eller [&hellip;]<\/p>\n","protected":false},"featured_media":0,"comment_status":"closed","ping_status":"closed","template":"","meta":{"_acf_changed":false,"_et_pb_use_builder":"","_et_pb_old_content":"","_et_gb_content_width":""},"product_brand":[],"product_cat":[6406,6405],"product_tag":[6407],"class_list":{"0":"post-52760","1":"product","2":"type-product","3":"status-publish","5":"product_cat-hbds","6":"product_cat-personlig-pleje","7":"product_tag-health-beauty-dead-sea-miner","9":"first","10":"instock","11":"taxable","12":"shipping-taxable","13":"purchasable","14":"product-type-simple"},"acf":[],"_links":{"self":[{"href":"https:\/\/gavermedmening.dk\/index.php?rest_route=\/wp\/v2\/product\/52760","targetHints":{"allow":["GET"]}}],"collection":[{"href":"https:\/\/gavermedmening.dk\/index.php?rest_route=\/wp\/v2\/product"}],"about":[{"href":"https:\/\/gavermedmening.dk\/index.php?rest_route=\/wp\/v2\/types\/product"}],"replies":[{"embeddable":true,"href":"https:\/\/gavermedmening.dk\/index.php?rest_route=%2Fwp%2Fv2%2Fcomments&post=52760"}],"wp:attachment":[{"href":"https:\/\/gavermedmening.dk\/index.php?rest_route=%2Fwp%2Fv2%2Fmedia&parent=52760"}],"wp:term":[{"taxonomy":"product_brand","embeddable":true,"href":"https:\/\/gavermedmening.dk\/index.php?rest_route=%2Fwp%2Fv2%2Fproduct_brand&post=52760"},{"taxonomy":"product_cat","embeddable":true,"href":"https:\/\/gavermedmening.dk\/index.php?rest_route=%2Fwp%2Fv2%2Fproduct_cat&post=52760"},{"taxonomy":"product_tag","embeddable":true,"href":"https:\/\/gavermedmening.dk\/index.php?rest_route=%2Fwp%2Fv2%2Fproduct_tag&post=52760"}],"curies":[{"name":"wp","href":"https:\/\/api.w.org\/{rel}","templated":true}]}}