{"id":52763,"date":"2024-06-20T17:14:58","date_gmt":"2024-06-20T17:14:58","guid":{"rendered":"https:\/\/gavermedmening.dk\/vare\/haand-og-negle-creme-orkide-100-ml\/"},"modified":"2024-11-05T20:44:16","modified_gmt":"2024-11-05T20:44:16","slug":"haand-og-negle-creme-orkide-100-ml","status":"publish","type":"product","link":"https:\/\/gavermedmening.dk\/?product=haand-og-negle-creme-orkide-100-ml","title":{"rendered":"H\u00e5nd og negle creme &#8211; Orkide 100 ml"},"content":{"rendered":"<p><strong>Beskrivelse:<\/strong><\/p>\n<p>En professionel behandlingscreme med en rig, ikke-fedtet struktur, der beskytter h\u00e6nder og negle. Den bevarer det \u00f8verste lag af hudv\u00e6vet og danner en handske, der danner et beskyttende lag, der forhindre de skadelige p\u00e5virkninger af reng\u00f8ringsmidler og UV-str\u00e5ler.<\/p>\n<p>Den indeholder vitaminerne A og E og saltvandsmineraler fra D\u00f8dehavet for at styrke hudens vitalitet. Den udglatter og bl\u00f8dg\u00f8r h\u00e6nderne og styrker kn\u00e6kkede og flossede negle. Den er beriget med olivenolie, Aloe Vera, kamille, te-tr\u00e6ekstrakt (som er kendt for sin effektivitet mod neglesvamp) og aftenblomstolie. Den indeholder ogs\u00e5 UV-filtre for at beskytte huden p\u00e5 dine h\u00e6nder.<\/p>\n<p>Dette produkt er et must i ethvert hjem.<\/p>\n<hr \/>\n<p>HB Dead Sea-produkterne er baseret p\u00e5 mineraler fra Det D\u00f8de Hav, beriget med vitaminer, planteekstrater og aromatiske olier for at opn\u00e5 sund og skinnende hud og h\u00e5r.<\/p>\n<p>De kosmetiske produkter fra Israel bliver fremstillet i overensstemmelse med internationale forskrifter (ISO og GMP) og ingen produkter er testet p\u00e5 dyr.<\/p>\n","protected":false},"excerpt":{"rendered":"<p>Beskrivelse: En professionel behandlingscreme med en rig, ikke-fedtet struktur, der beskytter h\u00e6nder og negle. Den bevarer det \u00f8verste lag af hudv\u00e6vet og danner en handske, der danner et beskyttende lag, der forhindre de skadelige p\u00e5virkninger af reng\u00f8ringsmidler og UV-str\u00e5ler. Den indeholder vitaminerne A og E og saltvandsmineraler fra D\u00f8dehavet for at styrke hudens vitalitet. Den [&hellip;]<\/p>\n","protected":false},"featured_media":0,"comment_status":"closed","ping_status":"closed","template":"","meta":{"_acf_changed":false,"_et_pb_use_builder":"","_et_pb_old_content":"","_et_gb_content_width":""},"product_brand":[],"product_cat":[6406,6405],"product_tag":[6407],"class_list":{"0":"post-52763","1":"product","2":"type-product","3":"status-publish","5":"product_cat-hbds","6":"product_cat-personlig-pleje","7":"product_tag-health-beauty-dead-sea-miner","9":"first","10":"instock","11":"taxable","12":"shipping-taxable","13":"purchasable","14":"product-type-simple"},"acf":[],"_links":{"self":[{"href":"https:\/\/gavermedmening.dk\/index.php?rest_route=\/wp\/v2\/product\/52763","targetHints":{"allow":["GET"]}}],"collection":[{"href":"https:\/\/gavermedmening.dk\/index.php?rest_route=\/wp\/v2\/product"}],"about":[{"href":"https:\/\/gavermedmening.dk\/index.php?rest_route=\/wp\/v2\/types\/product"}],"replies":[{"embeddable":true,"href":"https:\/\/gavermedmening.dk\/index.php?rest_route=%2Fwp%2Fv2%2Fcomments&post=52763"}],"wp:attachment":[{"href":"https:\/\/gavermedmening.dk\/index.php?rest_route=%2Fwp%2Fv2%2Fmedia&parent=52763"}],"wp:term":[{"taxonomy":"product_brand","embeddable":true,"href":"https:\/\/gavermedmening.dk\/index.php?rest_route=%2Fwp%2Fv2%2Fproduct_brand&post=52763"},{"taxonomy":"product_cat","embeddable":true,"href":"https:\/\/gavermedmening.dk\/index.php?rest_route=%2Fwp%2Fv2%2Fproduct_cat&post=52763"},{"taxonomy":"product_tag","embeddable":true,"href":"https:\/\/gavermedmening.dk\/index.php?rest_route=%2Fwp%2Fv2%2Fproduct_tag&post=52763"}],"curies":[{"name":"wp","href":"https:\/\/api.w.org\/{rel}","templated":true}]}}