{"id":52764,"date":"2024-06-20T17:14:58","date_gmt":"2024-06-20T17:14:58","guid":{"rendered":"https:\/\/gavermedmening.dk\/vare\/mineral-mudder-saebe-125-g\/"},"modified":"2024-11-05T20:44:21","modified_gmt":"2024-11-05T20:44:21","slug":"mineral-mudder-saebe-125-g","status":"publish","type":"product","link":"https:\/\/gavermedmening.dk\/?product=mineral-mudder-saebe-125-g","title":{"rendered":"Mineral mudder s\u00e6be 125 g"},"content":{"rendered":"<p><strong>Beskrivelse:<\/strong><\/p>\n<p>Mineral mudder s\u00e6be har en h\u00f8j koncentration af D\u00f8dehavets vitaminer og mineraler. Den best\u00e5r af mudder fra D\u00f8dehavet og olivenolie. Den indeholder ogs\u00e5 magnesium, der vides at v\u00e6re gavnligt for knogler, muskler og generel velv\u00e6re.<\/p>\n<p>Daglig brug hj\u00e6lper med at forhindre akne, svamp, psoriasis og kl\u00f8e. Dead Sea Mud Soap renser grundigt porerne i huden og efterlader huden bl\u00f8d og glat.<\/p>\n<p>Til daglig brug af m\u00e6nd, kvinder og b\u00f8rn.<\/p>\n<hr \/>\n<p>HB Dead Sea-produkterne er baseret p\u00e5 mineraler fra Det D\u00f8de Hav, beriget med vitaminer, planteekstrater og aromatiske olier for at opn\u00e5 sund og skinnende hud og h\u00e5r.<\/p>\n<p>De kosmetiske produkter fra Israel bliver fremstillet i overensstemmelse med internationale forskrifter (ISO og GMP) og ingen produkter er testet p\u00e5 dyr.<\/p>\n","protected":false},"excerpt":{"rendered":"<p>Beskrivelse: Mineral mudder s\u00e6be har en h\u00f8j koncentration af D\u00f8dehavets vitaminer og mineraler. Den best\u00e5r af mudder fra D\u00f8dehavet og olivenolie. Den indeholder ogs\u00e5 magnesium, der vides at v\u00e6re gavnligt for knogler, muskler og generel velv\u00e6re. Daglig brug hj\u00e6lper med at forhindre akne, svamp, psoriasis og kl\u00f8e. Dead Sea Mud Soap renser grundigt porerne i [&hellip;]<\/p>\n","protected":false},"featured_media":0,"comment_status":"closed","ping_status":"closed","template":"","meta":{"_acf_changed":false,"_et_pb_use_builder":"","_et_pb_old_content":"","_et_gb_content_width":""},"product_brand":[],"product_cat":[6406,6405],"product_tag":[6407],"class_list":{"0":"post-52764","1":"product","2":"type-product","3":"status-publish","5":"product_cat-hbds","6":"product_cat-personlig-pleje","7":"product_tag-health-beauty-dead-sea-miner","9":"first","10":"instock","11":"taxable","12":"shipping-taxable","13":"purchasable","14":"product-type-simple"},"acf":[],"_links":{"self":[{"href":"https:\/\/gavermedmening.dk\/index.php?rest_route=\/wp\/v2\/product\/52764","targetHints":{"allow":["GET"]}}],"collection":[{"href":"https:\/\/gavermedmening.dk\/index.php?rest_route=\/wp\/v2\/product"}],"about":[{"href":"https:\/\/gavermedmening.dk\/index.php?rest_route=\/wp\/v2\/types\/product"}],"replies":[{"embeddable":true,"href":"https:\/\/gavermedmening.dk\/index.php?rest_route=%2Fwp%2Fv2%2Fcomments&post=52764"}],"wp:attachment":[{"href":"https:\/\/gavermedmening.dk\/index.php?rest_route=%2Fwp%2Fv2%2Fmedia&parent=52764"}],"wp:term":[{"taxonomy":"product_brand","embeddable":true,"href":"https:\/\/gavermedmening.dk\/index.php?rest_route=%2Fwp%2Fv2%2Fproduct_brand&post=52764"},{"taxonomy":"product_cat","embeddable":true,"href":"https:\/\/gavermedmening.dk\/index.php?rest_route=%2Fwp%2Fv2%2Fproduct_cat&post=52764"},{"taxonomy":"product_tag","embeddable":true,"href":"https:\/\/gavermedmening.dk\/index.php?rest_route=%2Fwp%2Fv2%2Fproduct_tag&post=52764"}],"curies":[{"name":"wp","href":"https:\/\/api.w.org\/{rel}","templated":true}]}}