{"id":52773,"date":"2024-06-20T17:10:38","date_gmt":"2024-06-20T17:10:38","guid":{"rendered":"https:\/\/gavermedmening.dk\/vare\/styling-gel-ekstra-staerk-jojoba-haargel-200-ml\/"},"modified":"2024-11-05T21:00:26","modified_gmt":"2024-11-05T21:00:26","slug":"styling-gel-ekstra-staerk-jojoba-haargel-200-ml","status":"publish","type":"product","link":"https:\/\/gavermedmening.dk\/?product=styling-gel-ekstra-staerk-jojoba-haargel-200-ml","title":{"rendered":"Styling gel &#8211; ekstra st\u00e6rk Jojoba-h\u00e5rgel 200 ml"},"content":{"rendered":"<p><strong>Beskrivelse:<\/strong><\/p>\n<p>Denne gel giver h\u00e5ret et stylet og smukt look hele dagen.<\/p>\n<p>Gelen har en ikke-fedtet konsistens, den er let at style og er beriget med D\u00f8dehavsmineraler og jojoba ekstrakt, som n\u00e6rer h\u00e5ret og efterlader det skinnende. Gelen giver h\u00e5ret et stilfuldt look. Gelen giver dig mulighed for at designe, holde og forme h\u00e5ret. Den efterlader ingen m\u00e6rker og har en vidunderlig duft.<\/p>\n<p>Velegnet til alle h\u00e5rtyper.<\/p>\n<hr \/>\n<p>HB Dead Sea-produkterne er baseret p\u00e5 mineraler fra Det D\u00f8de Hav, beriget med vitaminer, planteekstrater og aromatiske olier for at opn\u00e5 sund og skinnende hud og h\u00e5r.<\/p>\n<p>De kosmetiske produkter fra Israel bliver fremstillet i overensstemmelse med internationale forskrifter (ISO og GMP) og ingen produkter er testet p\u00e5 dyr.<\/p>\n","protected":false},"excerpt":{"rendered":"<p>Beskrivelse: Denne gel giver h\u00e5ret et stylet og smukt look hele dagen. Gelen har en ikke-fedtet konsistens, den er let at style og er beriget med D\u00f8dehavsmineraler og jojoba ekstrakt, som n\u00e6rer h\u00e5ret og efterlader det skinnende. Gelen giver h\u00e5ret et stilfuldt look. Gelen giver dig mulighed for at designe, holde og forme h\u00e5ret. Den [&hellip;]<\/p>\n","protected":false},"featured_media":0,"comment_status":"closed","ping_status":"closed","template":"","meta":{"_acf_changed":false,"_et_pb_use_builder":"","_et_pb_old_content":"","_et_gb_content_width":""},"product_brand":[],"product_cat":[6406,6405],"product_tag":[6407],"class_list":{"0":"post-52773","1":"product","2":"type-product","3":"status-publish","5":"product_cat-hbds","6":"product_cat-personlig-pleje","7":"product_tag-health-beauty-dead-sea-miner","9":"first","10":"instock","11":"taxable","12":"shipping-taxable","13":"purchasable","14":"product-type-simple"},"acf":[],"_links":{"self":[{"href":"https:\/\/gavermedmening.dk\/index.php?rest_route=\/wp\/v2\/product\/52773","targetHints":{"allow":["GET"]}}],"collection":[{"href":"https:\/\/gavermedmening.dk\/index.php?rest_route=\/wp\/v2\/product"}],"about":[{"href":"https:\/\/gavermedmening.dk\/index.php?rest_route=\/wp\/v2\/types\/product"}],"replies":[{"embeddable":true,"href":"https:\/\/gavermedmening.dk\/index.php?rest_route=%2Fwp%2Fv2%2Fcomments&post=52773"}],"wp:attachment":[{"href":"https:\/\/gavermedmening.dk\/index.php?rest_route=%2Fwp%2Fv2%2Fmedia&parent=52773"}],"wp:term":[{"taxonomy":"product_brand","embeddable":true,"href":"https:\/\/gavermedmening.dk\/index.php?rest_route=%2Fwp%2Fv2%2Fproduct_brand&post=52773"},{"taxonomy":"product_cat","embeddable":true,"href":"https:\/\/gavermedmening.dk\/index.php?rest_route=%2Fwp%2Fv2%2Fproduct_cat&post=52773"},{"taxonomy":"product_tag","embeddable":true,"href":"https:\/\/gavermedmening.dk\/index.php?rest_route=%2Fwp%2Fv2%2Fproduct_tag&post=52773"}],"curies":[{"name":"wp","href":"https:\/\/api.w.org\/{rel}","templated":true}]}}