{"id":52774,"date":"2024-06-20T17:10:38","date_gmt":"2024-06-20T17:10:38","guid":{"rendered":"https:\/\/gavermedmening.dk\/vare\/multi-vitamin-behandlings-anti-crack-foot-cream\/"},"modified":"2024-11-05T21:00:30","modified_gmt":"2024-11-05T21:00:30","slug":"multi-vitamin-behandlings-anti-crack-foot-cream","status":"publish","type":"product","link":"https:\/\/gavermedmening.dk\/?product=multi-vitamin-behandlings-anti-crack-foot-cream","title":{"rendered":"Multi-vitamin behandlings Anti-Crack Foot Cream"},"content":{"rendered":"<p><strong>Beskrivelse:<\/strong><\/p>\n<p>Cremen giver beskyttelse og fugt til t\u00f8r og ru hud.<\/p>\n<p>Multi-Vitamin-behandling Anti-crack fod creme er st\u00e6rkt beriget med Tea Tree olie, der er kendt for sin effektivitet mod kl\u00f8e og irritation p\u00e5 f\u00f8dderne, Olivenolie, som hj\u00e6lper med at bl\u00f8dg\u00f8re din hud og bek\u00e6mper t\u00f8rhed, s\u00e5r og sprukken hud og naturlige Aloe Vera-ekstrakter. Desuden er cremen beriget med vitamin A, C og E samt aktive D\u00f8dehavs saltvandsmineraler, som hj\u00e6lper med at fjerne t\u00f8rre hudceller.<\/p>\n","protected":false},"excerpt":{"rendered":"<p>Beskrivelse: Cremen giver beskyttelse og fugt til t\u00f8r og ru hud. Multi-Vitamin-behandling Anti-crack fod creme er st\u00e6rkt beriget med Tea Tree olie, der er kendt for sin effektivitet mod kl\u00f8e og irritation p\u00e5 f\u00f8dderne, Olivenolie, som hj\u00e6lper med at bl\u00f8dg\u00f8re din hud og bek\u00e6mper t\u00f8rhed, s\u00e5r og sprukken hud og naturlige Aloe Vera-ekstrakter. Desuden er [&hellip;]<\/p>\n","protected":false},"featured_media":0,"comment_status":"closed","ping_status":"closed","template":"","meta":{"_acf_changed":false,"_et_pb_use_builder":"","_et_pb_old_content":"","_et_gb_content_width":""},"product_brand":[],"product_cat":[6406,6405],"product_tag":[6407],"class_list":{"0":"post-52774","1":"product","2":"type-product","3":"status-publish","5":"product_cat-hbds","6":"product_cat-personlig-pleje","7":"product_tag-health-beauty-dead-sea-miner","9":"first","10":"instock","11":"taxable","12":"shipping-taxable","13":"purchasable","14":"product-type-simple"},"acf":[],"_links":{"self":[{"href":"https:\/\/gavermedmening.dk\/index.php?rest_route=\/wp\/v2\/product\/52774","targetHints":{"allow":["GET"]}}],"collection":[{"href":"https:\/\/gavermedmening.dk\/index.php?rest_route=\/wp\/v2\/product"}],"about":[{"href":"https:\/\/gavermedmening.dk\/index.php?rest_route=\/wp\/v2\/types\/product"}],"replies":[{"embeddable":true,"href":"https:\/\/gavermedmening.dk\/index.php?rest_route=%2Fwp%2Fv2%2Fcomments&post=52774"}],"wp:attachment":[{"href":"https:\/\/gavermedmening.dk\/index.php?rest_route=%2Fwp%2Fv2%2Fmedia&parent=52774"}],"wp:term":[{"taxonomy":"product_brand","embeddable":true,"href":"https:\/\/gavermedmening.dk\/index.php?rest_route=%2Fwp%2Fv2%2Fproduct_brand&post=52774"},{"taxonomy":"product_cat","embeddable":true,"href":"https:\/\/gavermedmening.dk\/index.php?rest_route=%2Fwp%2Fv2%2Fproduct_cat&post=52774"},{"taxonomy":"product_tag","embeddable":true,"href":"https:\/\/gavermedmening.dk\/index.php?rest_route=%2Fwp%2Fv2%2Fproduct_tag&post=52774"}],"curies":[{"name":"wp","href":"https:\/\/api.w.org\/{rel}","templated":true}]}}