{"id":52779,"date":"2024-06-20T17:07:07","date_gmt":"2024-06-20T17:07:07","guid":{"rendered":"https:\/\/gavermedmening.dk\/vare\/protective-anti-wrinkle-facial-cream-til-maend-50-ml\/"},"modified":"2024-11-10T21:48:05","modified_gmt":"2024-11-10T21:48:05","slug":"protective-anti-wrinkle-facial-cream-til-maend-50-ml","status":"publish","type":"product","link":"https:\/\/gavermedmening.dk\/?product=protective-anti-wrinkle-facial-cream-til-maend-50-ml","title":{"rendered":"Protective Anti-Wrinkle Facial Cream til M\u00e6nd 50 ml"},"content":{"rendered":"<p><strong>Beskrivelse:<\/strong><\/p>\n<p>Beskyttende ansigtscreme mod rynker til m\u00e6nd med SPF 15.<br \/>Denne creme er en hurtig absorberende creme beriget med Aloe Vera-ekstrakt og kamille for at berolige og hj\u00e6lpe med at forhindre irritation efter barbering.<\/p>\n<p>Indeholder antiseptisk Tea Tree olie, coenzym Q10, Omega 3, 6, 9, antioxidant vitamin A + E + C og mineraler fra Det D\u00f8de Hav. Den hj\u00e6lper med at forebygge rynker og beskytter mod solens skadelige str\u00e5ler. Regelm\u00e6ssig daglig brug giver frisk, flot og glat hud.<\/p>\n<p>Velegnet til alle hudtyper og en god creme til m\u00e6nd, der glemmer at bruge solcreme<\/p>\n<hr \/>\n<p>HB Dead Sea-produkterne er baseret p\u00e5 mineraler fra Det D\u00f8de Hav, beriget med vitaminer, planteekstrater og aromatiske olier for at opn\u00e5 sund og skinnende hud og h\u00e5r.<\/p>\n<p>De kosmetiske produkter fra Israel bliver fremstillet i overensstemmelse med internationale forskrifter (ISO og GMP) og ingen produkter er testet p\u00e5 dyr.<\/p>\n","protected":false},"excerpt":{"rendered":"<p>Beskrivelse: Beskyttende ansigtscreme mod rynker til m\u00e6nd med SPF 15.Denne creme er en hurtig absorberende creme beriget med Aloe Vera-ekstrakt og kamille for at berolige og hj\u00e6lpe med at forhindre irritation efter barbering. Indeholder antiseptisk Tea Tree olie, coenzym Q10, Omega 3, 6, 9, antioxidant vitamin A + E + C og mineraler fra Det [&hellip;]<\/p>\n","protected":false},"featured_media":0,"comment_status":"closed","ping_status":"closed","template":"","meta":{"_acf_changed":false,"_et_pb_use_builder":"","_et_pb_old_content":"","_et_gb_content_width":""},"product_brand":[],"product_cat":[6406,6405,6361],"product_tag":[6407],"class_list":{"0":"post-52779","1":"product","2":"type-product","3":"status-publish","5":"product_cat-hbds","6":"product_cat-personlig-pleje","7":"product_cat-til-maend","8":"product_tag-health-beauty-dead-sea-miner","10":"first","11":"instock","12":"taxable","13":"shipping-taxable","14":"purchasable","15":"product-type-simple"},"acf":[],"_links":{"self":[{"href":"https:\/\/gavermedmening.dk\/index.php?rest_route=\/wp\/v2\/product\/52779","targetHints":{"allow":["GET"]}}],"collection":[{"href":"https:\/\/gavermedmening.dk\/index.php?rest_route=\/wp\/v2\/product"}],"about":[{"href":"https:\/\/gavermedmening.dk\/index.php?rest_route=\/wp\/v2\/types\/product"}],"replies":[{"embeddable":true,"href":"https:\/\/gavermedmening.dk\/index.php?rest_route=%2Fwp%2Fv2%2Fcomments&post=52779"}],"wp:attachment":[{"href":"https:\/\/gavermedmening.dk\/index.php?rest_route=%2Fwp%2Fv2%2Fmedia&parent=52779"}],"wp:term":[{"taxonomy":"product_brand","embeddable":true,"href":"https:\/\/gavermedmening.dk\/index.php?rest_route=%2Fwp%2Fv2%2Fproduct_brand&post=52779"},{"taxonomy":"product_cat","embeddable":true,"href":"https:\/\/gavermedmening.dk\/index.php?rest_route=%2Fwp%2Fv2%2Fproduct_cat&post=52779"},{"taxonomy":"product_tag","embeddable":true,"href":"https:\/\/gavermedmening.dk\/index.php?rest_route=%2Fwp%2Fv2%2Fproduct_tag&post=52779"}],"curies":[{"name":"wp","href":"https:\/\/api.w.org\/{rel}","templated":true}]}}