{"id":52784,"date":"2024-06-20T17:07:07","date_gmt":"2024-06-20T17:07:07","guid":{"rendered":"https:\/\/gavermedmening.dk\/vare\/ansigtsmaske-opstrammende-maske-anti-rynke-18-ml\/"},"modified":"2024-11-05T21:01:17","modified_gmt":"2024-11-05T21:01:17","slug":"ansigtsmaske-opstrammende-maske-anti-rynke-18-ml","status":"publish","type":"product","link":"https:\/\/gavermedmening.dk\/?product=ansigtsmaske-opstrammende-maske-anti-rynke-18-ml","title":{"rendered":"Ansigtsmaske &#8211; opstrammende maske anti-rynke &#8211; 18 ml"},"content":{"rendered":"<p><strong>Beskrivelse:<\/strong><\/p>\n<p>Ansigtsmaske til antirynke behandling.<br \/>Masken indeholder en kraftige ingrediens som hyaluronsyre, der reducerer rynker, giver fugt og stimulerer kollagen produktionen. Det h\u00f8je fugtighedsniveau i masken og dens antistress ingredienser som Aloe Vera og Kamille giver en beroligende og fugtgivende virkning p\u00e5 huden. Beriget med vitamin A + B5 + E og D\u00f8dehavsmineraler.<\/p>\n<p>For maksimal komfort er der specielle huller til \u00f8jen- og mundomr\u00e5det. Masken bl\u00f8dg\u00f8r huden, beroliger og reducerer rynker.<\/p>\n","protected":false},"excerpt":{"rendered":"<p>Beskrivelse: Ansigtsmaske til antirynke behandling.Masken indeholder en kraftige ingrediens som hyaluronsyre, der reducerer rynker, giver fugt og stimulerer kollagen produktionen. Det h\u00f8je fugtighedsniveau i masken og dens antistress ingredienser som Aloe Vera og Kamille giver en beroligende og fugtgivende virkning p\u00e5 huden. Beriget med vitamin A + B5 + E og D\u00f8dehavsmineraler. For maksimal komfort [&hellip;]<\/p>\n","protected":false},"featured_media":0,"comment_status":"closed","ping_status":"closed","template":"","meta":{"_acf_changed":false,"_et_pb_use_builder":"","_et_pb_old_content":"","_et_gb_content_width":""},"product_brand":[],"product_cat":[6406,6405],"product_tag":[6407],"class_list":{"0":"post-52784","1":"product","2":"type-product","3":"status-publish","5":"product_cat-hbds","6":"product_cat-personlig-pleje","7":"product_tag-health-beauty-dead-sea-miner","9":"first","10":"instock","11":"taxable","12":"shipping-taxable","13":"purchasable","14":"product-type-simple"},"acf":[],"_links":{"self":[{"href":"https:\/\/gavermedmening.dk\/index.php?rest_route=\/wp\/v2\/product\/52784","targetHints":{"allow":["GET"]}}],"collection":[{"href":"https:\/\/gavermedmening.dk\/index.php?rest_route=\/wp\/v2\/product"}],"about":[{"href":"https:\/\/gavermedmening.dk\/index.php?rest_route=\/wp\/v2\/types\/product"}],"replies":[{"embeddable":true,"href":"https:\/\/gavermedmening.dk\/index.php?rest_route=%2Fwp%2Fv2%2Fcomments&post=52784"}],"wp:attachment":[{"href":"https:\/\/gavermedmening.dk\/index.php?rest_route=%2Fwp%2Fv2%2Fmedia&parent=52784"}],"wp:term":[{"taxonomy":"product_brand","embeddable":true,"href":"https:\/\/gavermedmening.dk\/index.php?rest_route=%2Fwp%2Fv2%2Fproduct_brand&post=52784"},{"taxonomy":"product_cat","embeddable":true,"href":"https:\/\/gavermedmening.dk\/index.php?rest_route=%2Fwp%2Fv2%2Fproduct_cat&post=52784"},{"taxonomy":"product_tag","embeddable":true,"href":"https:\/\/gavermedmening.dk\/index.php?rest_route=%2Fwp%2Fv2%2Fproduct_tag&post=52784"}],"curies":[{"name":"wp","href":"https:\/\/api.w.org\/{rel}","templated":true}]}}