{"id":52786,"date":"2024-06-20T17:03:35","date_gmt":"2024-06-20T17:03:35","guid":{"rendered":"https:\/\/gavermedmening.dk\/vare\/opstrammende-og-naerende-body-granataeblecreme-100-ml\/"},"modified":"2024-11-05T21:01:26","modified_gmt":"2024-11-05T21:01:26","slug":"opstrammende-og-naerende-body-granataeblecreme-100-ml","status":"publish","type":"product","link":"https:\/\/gavermedmening.dk\/?product=opstrammende-og-naerende-body-granataeblecreme-100-ml","title":{"rendered":"Opstrammende og n\u00e6rende body granat\u00e6blecreme &#8211; 100 ml"},"content":{"rendered":"<p><strong>Beskrivelse:<\/strong><\/p>\n<p>Opstrammende og n\u00e6rende granat\u00e6blecreme.<br \/>Cremen opretholder din huds sunde udseende og hj\u00e6lper med at forbedre hudens struktur og giver den optimal fugt.<\/p>\n<p>Den er beriget med h\u00f8j koncentreret granat\u00e6bleolie, vitamin B5, C, E og K, omega 3, 6 og 9 fedtsyrer, hybenolie, arganolie, gr\u00f8n te, olivenolie, honning og D\u00f8dehavs mineraler.<\/p>\n<p>Den specielle blanding af rige ingredienser g\u00f8r den n\u00e6rende granat\u00e6ble<br \/>creme til en god kilde til fugt til din hud. En regelm\u00e6ssig brug fremmer en smidig og glat hud med en dejlig duft.<\/p>\n<hr \/>\n<p>HB Dead Sea-produkterne er baseret p\u00e5 mineraler fra Det D\u00f8de Hav, beriget med vitaminer, planteekstrater og aromatiske olier for at opn\u00e5 sund og skinnende hud og h\u00e5r.<\/p>\n<p>De kosmetiske produkter fra Israel bliver fremstillet i overensstemmelse med internationale forskrifter (ISO og GMP) og ingen produkter er testet p\u00e5 dyr.<\/p>\n","protected":false},"excerpt":{"rendered":"<p>Beskrivelse: Opstrammende og n\u00e6rende granat\u00e6blecreme.Cremen opretholder din huds sunde udseende og hj\u00e6lper med at forbedre hudens struktur og giver den optimal fugt. Den er beriget med h\u00f8j koncentreret granat\u00e6bleolie, vitamin B5, C, E og K, omega 3, 6 og 9 fedtsyrer, hybenolie, arganolie, gr\u00f8n te, olivenolie, honning og D\u00f8dehavs mineraler. Den specielle blanding af rige [&hellip;]<\/p>\n","protected":false},"featured_media":0,"comment_status":"closed","ping_status":"closed","template":"","meta":{"_acf_changed":false,"_et_pb_use_builder":"","_et_pb_old_content":"","_et_gb_content_width":""},"product_brand":[],"product_cat":[6406,6405],"product_tag":[6407],"class_list":{"0":"post-52786","1":"product","2":"type-product","3":"status-publish","5":"product_cat-hbds","6":"product_cat-personlig-pleje","7":"product_tag-health-beauty-dead-sea-miner","9":"first","10":"instock","11":"taxable","12":"shipping-taxable","13":"purchasable","14":"product-type-simple"},"acf":[],"_links":{"self":[{"href":"https:\/\/gavermedmening.dk\/index.php?rest_route=\/wp\/v2\/product\/52786","targetHints":{"allow":["GET"]}}],"collection":[{"href":"https:\/\/gavermedmening.dk\/index.php?rest_route=\/wp\/v2\/product"}],"about":[{"href":"https:\/\/gavermedmening.dk\/index.php?rest_route=\/wp\/v2\/types\/product"}],"replies":[{"embeddable":true,"href":"https:\/\/gavermedmening.dk\/index.php?rest_route=%2Fwp%2Fv2%2Fcomments&post=52786"}],"wp:attachment":[{"href":"https:\/\/gavermedmening.dk\/index.php?rest_route=%2Fwp%2Fv2%2Fmedia&parent=52786"}],"wp:term":[{"taxonomy":"product_brand","embeddable":true,"href":"https:\/\/gavermedmening.dk\/index.php?rest_route=%2Fwp%2Fv2%2Fproduct_brand&post=52786"},{"taxonomy":"product_cat","embeddable":true,"href":"https:\/\/gavermedmening.dk\/index.php?rest_route=%2Fwp%2Fv2%2Fproduct_cat&post=52786"},{"taxonomy":"product_tag","embeddable":true,"href":"https:\/\/gavermedmening.dk\/index.php?rest_route=%2Fwp%2Fv2%2Fproduct_tag&post=52786"}],"curies":[{"name":"wp","href":"https:\/\/api.w.org\/{rel}","templated":true}]}}