{"id":52787,"date":"2024-06-20T17:03:35","date_gmt":"2024-06-20T17:03:35","guid":{"rendered":"https:\/\/gavermedmening.dk\/vare\/kraftig-olivenolie-og-honningcreme-100-ml\/"},"modified":"2024-11-05T21:01:31","modified_gmt":"2024-11-05T21:01:31","slug":"kraftig-olivenolie-og-honningcreme-100-ml","status":"publish","type":"product","link":"https:\/\/gavermedmening.dk\/?product=kraftig-olivenolie-og-honningcreme-100-ml","title":{"rendered":"Kraftig olivenolie og honningcreme 100 ml"},"content":{"rendered":"<p><strong>Beskrivelse:<\/strong><\/p>\n<p>Den kraftfulde olivenolie og honningcreme er en multifunktionel creme til hele kroppen.<\/p>\n<p>Den er beriget med naturlige olieekstrakter, vitamin A + E og mineraler fra D\u00f8dehavet. Den rige sammens\u00e6tning af ingredienser giver din hud intens fugt og fasthed.<\/p>\n<p>Den er bedst egnet til t\u00f8r hud. En regelm\u00e6ssig brug af cremen vil give en bl\u00f8d hud og en dejlig duft.<\/p>\n<hr \/>\n<p>HB Dead Sea-produkterne er baseret p\u00e5 mineraler fra Det D\u00f8de Hav, beriget med vitaminer, planteekstrater og aromatiske olier for at opn\u00e5 sund og skinnende hud og h\u00e5r.<\/p>\n<p>De kosmetiske produkter fra Israel bliver fremstillet i overensstemmelse med internationale forskrifter (ISO og GMP) og ingen produkter er testet p\u00e5 dyr.<\/p>\n","protected":false},"excerpt":{"rendered":"<p>Beskrivelse: Den kraftfulde olivenolie og honningcreme er en multifunktionel creme til hele kroppen. Den er beriget med naturlige olieekstrakter, vitamin A + E og mineraler fra D\u00f8dehavet. Den rige sammens\u00e6tning af ingredienser giver din hud intens fugt og fasthed. Den er bedst egnet til t\u00f8r hud. En regelm\u00e6ssig brug af cremen vil give en bl\u00f8d [&hellip;]<\/p>\n","protected":false},"featured_media":0,"comment_status":"closed","ping_status":"closed","template":"","meta":{"_acf_changed":false,"_et_pb_use_builder":"","_et_pb_old_content":"","_et_gb_content_width":""},"product_brand":[],"product_cat":[6406,6405],"product_tag":[6407],"class_list":{"0":"post-52787","1":"product","2":"type-product","3":"status-publish","5":"product_cat-hbds","6":"product_cat-personlig-pleje","7":"product_tag-health-beauty-dead-sea-miner","9":"first","10":"instock","11":"taxable","12":"shipping-taxable","13":"purchasable","14":"product-type-simple"},"acf":[],"_links":{"self":[{"href":"https:\/\/gavermedmening.dk\/index.php?rest_route=\/wp\/v2\/product\/52787","targetHints":{"allow":["GET"]}}],"collection":[{"href":"https:\/\/gavermedmening.dk\/index.php?rest_route=\/wp\/v2\/product"}],"about":[{"href":"https:\/\/gavermedmening.dk\/index.php?rest_route=\/wp\/v2\/types\/product"}],"replies":[{"embeddable":true,"href":"https:\/\/gavermedmening.dk\/index.php?rest_route=%2Fwp%2Fv2%2Fcomments&post=52787"}],"wp:attachment":[{"href":"https:\/\/gavermedmening.dk\/index.php?rest_route=%2Fwp%2Fv2%2Fmedia&parent=52787"}],"wp:term":[{"taxonomy":"product_brand","embeddable":true,"href":"https:\/\/gavermedmening.dk\/index.php?rest_route=%2Fwp%2Fv2%2Fproduct_brand&post=52787"},{"taxonomy":"product_cat","embeddable":true,"href":"https:\/\/gavermedmening.dk\/index.php?rest_route=%2Fwp%2Fv2%2Fproduct_cat&post=52787"},{"taxonomy":"product_tag","embeddable":true,"href":"https:\/\/gavermedmening.dk\/index.php?rest_route=%2Fwp%2Fv2%2Fproduct_tag&post=52787"}],"curies":[{"name":"wp","href":"https:\/\/api.w.org\/{rel}","templated":true}]}}