{"id":52788,"date":"2024-06-20T17:03:35","date_gmt":"2024-06-20T17:03:35","guid":{"rendered":"https:\/\/gavermedmening.dk\/vare\/dual-phase-eye-lips-makeup-remover-250-ml\/"},"modified":"2024-11-05T21:01:36","modified_gmt":"2024-11-05T21:01:36","slug":"dual-phase-eye-lips-makeup-remover-250-ml","status":"publish","type":"product","link":"https:\/\/gavermedmening.dk\/?product=dual-phase-eye-lips-makeup-remover-250-ml","title":{"rendered":"Dual-phase Eye &#038; Lips Makeup Remover &#8211; 250 ml"},"content":{"rendered":"<p><strong>Beskrivelse:<\/strong><\/p>\n<p>Dual-phase Eye &amp; Lips Makeup Remover fjerner alle typer makeup inklusive vandafvisende makeup.<\/p>\n<p>Dette produkt er beriget med E-vitamin. Den \u00f8verste fase indeholder vitaminerne E + B5. Bundfasen er baseret p\u00e5 vand beriget med essentielle mineraler fra Det D\u00f8de Hav og fugtgivende og beroligende ingredienser som Witch Hazel og Kamille.<\/p>\n<p>Velegnet til alle hudtyper.<\/p>\n","protected":false},"excerpt":{"rendered":"<p>Beskrivelse: Dual-phase Eye &amp; Lips Makeup Remover fjerner alle typer makeup inklusive vandafvisende makeup. Dette produkt er beriget med E-vitamin. Den \u00f8verste fase indeholder vitaminerne E + B5. Bundfasen er baseret p\u00e5 vand beriget med essentielle mineraler fra Det D\u00f8de Hav og fugtgivende og beroligende ingredienser som Witch Hazel og Kamille. Velegnet til alle hudtyper.<\/p>\n","protected":false},"featured_media":0,"comment_status":"closed","ping_status":"closed","template":"","meta":{"_acf_changed":false,"_et_pb_use_builder":"","_et_pb_old_content":"","_et_gb_content_width":""},"product_brand":[],"product_cat":[6406,6405],"product_tag":[6407],"class_list":{"0":"post-52788","1":"product","2":"type-product","3":"status-publish","5":"product_cat-hbds","6":"product_cat-personlig-pleje","7":"product_tag-health-beauty-dead-sea-miner","9":"first","10":"instock","11":"taxable","12":"shipping-taxable","13":"purchasable","14":"product-type-simple"},"acf":[],"_links":{"self":[{"href":"https:\/\/gavermedmening.dk\/index.php?rest_route=\/wp\/v2\/product\/52788","targetHints":{"allow":["GET"]}}],"collection":[{"href":"https:\/\/gavermedmening.dk\/index.php?rest_route=\/wp\/v2\/product"}],"about":[{"href":"https:\/\/gavermedmening.dk\/index.php?rest_route=\/wp\/v2\/types\/product"}],"replies":[{"embeddable":true,"href":"https:\/\/gavermedmening.dk\/index.php?rest_route=%2Fwp%2Fv2%2Fcomments&post=52788"}],"wp:attachment":[{"href":"https:\/\/gavermedmening.dk\/index.php?rest_route=%2Fwp%2Fv2%2Fmedia&parent=52788"}],"wp:term":[{"taxonomy":"product_brand","embeddable":true,"href":"https:\/\/gavermedmening.dk\/index.php?rest_route=%2Fwp%2Fv2%2Fproduct_brand&post=52788"},{"taxonomy":"product_cat","embeddable":true,"href":"https:\/\/gavermedmening.dk\/index.php?rest_route=%2Fwp%2Fv2%2Fproduct_cat&post=52788"},{"taxonomy":"product_tag","embeddable":true,"href":"https:\/\/gavermedmening.dk\/index.php?rest_route=%2Fwp%2Fv2%2Fproduct_tag&post=52788"}],"curies":[{"name":"wp","href":"https:\/\/api.w.org\/{rel}","templated":true}]}}