{"id":52790,"date":"2024-06-20T17:03:35","date_gmt":"2024-06-20T17:03:35","guid":{"rendered":"https:\/\/gavermedmening.dk\/vare\/laebepomade-5-ml-%c2%96-jordbaer\/"},"modified":"2025-05-20T08:41:18","modified_gmt":"2025-05-20T08:41:18","slug":"laebepomade-5-ml-%c2%96-jordbaer","status":"publish","type":"product","link":"https:\/\/gavermedmening.dk\/?product=laebepomade-5-ml-%c2%96-jordbaer","title":{"rendered":"L\u00e6bepomade 5 ml \u0096 Jordb\u00e6r"},"content":{"rendered":"<p><strong>Beskrivelse:<\/strong><\/p>\n<p>Natural l\u00e6be Balsam er n\u00e6rende og bl\u00f8dg\u00f8r dine l\u00e6ber for et sundt og skinnende look.<\/p>\n<p>L\u00e6bepomaden er beriget med kokosolie, olivenolie, sheasm\u00f8r og kakaosm\u00f8r. Berolige og fugter l\u00e6berne. Desuden indeholder den ricinusolie, jojobaolie, druefr\u00f8olie og vitamin E.<\/p>\n<hr \/>\n<p>HB Dead Sea-produkterne er baseret p\u00e5 mineraler fra Det D\u00f8de Hav, beriget med vitaminer, planteekstrater og aromatiske olier for at opn\u00e5 sund og skinnende hud og h\u00e5r.<\/p>\n<p>De kosmetiske produkter fra Israel bliver fremstillet i overensstemmelse med internationale forskrifter (ISO og GMP) og ingen produkter er testet p\u00e5 dyr.<\/p>\n","protected":false},"excerpt":{"rendered":"<p>Beskrivelse: Natural l\u00e6be Balsam er n\u00e6rende og bl\u00f8dg\u00f8r dine l\u00e6ber for et sundt og skinnende look. L\u00e6bepomaden er beriget med kokosolie, olivenolie, sheasm\u00f8r og kakaosm\u00f8r. Berolige og fugter l\u00e6berne. Desuden indeholder den ricinusolie, jojobaolie, druefr\u00f8olie og vitamin E. HB Dead Sea-produkterne er baseret p\u00e5 mineraler fra Det D\u00f8de Hav, beriget med vitaminer, planteekstrater og aromatiske [&hellip;]<\/p>\n","protected":false},"featured_media":0,"comment_status":"closed","ping_status":"closed","template":"","meta":{"_acf_changed":false,"_et_pb_use_builder":"","_et_pb_old_content":"","_et_gb_content_width":""},"product_brand":[],"product_cat":[6406,6405,6257],"product_tag":[6407],"class_list":{"0":"post-52790","1":"product","2":"type-product","3":"status-publish","5":"product_cat-hbds","6":"product_cat-personlig-pleje","7":"product_cat-udsolgt-naar-eksemplar-er-solgt","8":"product_tag-health-beauty-dead-sea-miner","10":"first","11":"instock","12":"taxable","13":"shipping-taxable","14":"purchasable","15":"product-type-simple"},"acf":[],"_links":{"self":[{"href":"https:\/\/gavermedmening.dk\/index.php?rest_route=\/wp\/v2\/product\/52790","targetHints":{"allow":["GET"]}}],"collection":[{"href":"https:\/\/gavermedmening.dk\/index.php?rest_route=\/wp\/v2\/product"}],"about":[{"href":"https:\/\/gavermedmening.dk\/index.php?rest_route=\/wp\/v2\/types\/product"}],"replies":[{"embeddable":true,"href":"https:\/\/gavermedmening.dk\/index.php?rest_route=%2Fwp%2Fv2%2Fcomments&post=52790"}],"wp:attachment":[{"href":"https:\/\/gavermedmening.dk\/index.php?rest_route=%2Fwp%2Fv2%2Fmedia&parent=52790"}],"wp:term":[{"taxonomy":"product_brand","embeddable":true,"href":"https:\/\/gavermedmening.dk\/index.php?rest_route=%2Fwp%2Fv2%2Fproduct_brand&post=52790"},{"taxonomy":"product_cat","embeddable":true,"href":"https:\/\/gavermedmening.dk\/index.php?rest_route=%2Fwp%2Fv2%2Fproduct_cat&post=52790"},{"taxonomy":"product_tag","embeddable":true,"href":"https:\/\/gavermedmening.dk\/index.php?rest_route=%2Fwp%2Fv2%2Fproduct_tag&post=52790"}],"curies":[{"name":"wp","href":"https:\/\/api.w.org\/{rel}","templated":true}]}}