{"id":52795,"date":"2024-06-20T17:00:15","date_gmt":"2024-06-20T17:00:15","guid":{"rendered":"https:\/\/gavermedmening.dk\/vare\/naerende-og-fugtighedsgivende-gulerodscreme-50-ml\/"},"modified":"2024-11-05T21:02:09","modified_gmt":"2024-11-05T21:02:09","slug":"naerende-og-fugtighedsgivende-gulerodscreme-50-ml","status":"publish","type":"product","link":"https:\/\/gavermedmening.dk\/?product=naerende-og-fugtighedsgivende-gulerodscreme-50-ml","title":{"rendered":"N\u00e6rende og fugtighedsgivende gulerodscreme 50 ml"},"content":{"rendered":"<p><strong>Beskrivelse:<\/strong><\/p>\n<p>Kraftig fugtigheds- og n\u00e6rende ansigtscreme, baseret p\u00e5 naturlige ingredienser til huden.<\/p>\n<p>Denne fugtigheds- og n\u00e6rende gulerods creme forbedre huden dramatisk.<\/p>\n<p>Cremen er beriget med vitamin E + C, havtornolie, granat\u00e6bleekstrakt, hybenolie, kamille, essentielle oliesyrer, omega 3 &amp; 6, D\u00f8dehavsmineraler og betakaroten, som hj\u00e6lper med at beskytte huden mod oxidationsskader fra r\u00f8g, sol og luftforurening.<\/p>\n<p>Velegnet til alle hudtyper.<\/p>\n<hr \/>\n<p>HB Dead Sea-produkterne er baseret p\u00e5 mineraler fra Det D\u00f8de Hav, beriget med vitaminer, planteekstrater og aromatiske olier for at opn\u00e5 sund og skinnende hud og h\u00e5r.<\/p>\n<p>De kosmetiske produkter fra Israel bliver fremstillet i overensstemmelse med internationale forskrifter (ISO og GMP) og ingen produkter er testet p\u00e5 dyr.<\/p>\n","protected":false},"excerpt":{"rendered":"<p>Beskrivelse: Kraftig fugtigheds- og n\u00e6rende ansigtscreme, baseret p\u00e5 naturlige ingredienser til huden. Denne fugtigheds- og n\u00e6rende gulerods creme forbedre huden dramatisk. Cremen er beriget med vitamin E + C, havtornolie, granat\u00e6bleekstrakt, hybenolie, kamille, essentielle oliesyrer, omega 3 &amp; 6, D\u00f8dehavsmineraler og betakaroten, som hj\u00e6lper med at beskytte huden mod oxidationsskader fra r\u00f8g, sol og luftforurening. [&hellip;]<\/p>\n","protected":false},"featured_media":0,"comment_status":"closed","ping_status":"closed","template":"","meta":{"_acf_changed":false,"_et_pb_use_builder":"","_et_pb_old_content":"","_et_gb_content_width":""},"product_brand":[],"product_cat":[6406,6405],"product_tag":[6407],"class_list":{"0":"post-52795","1":"product","2":"type-product","3":"status-publish","5":"product_cat-hbds","6":"product_cat-personlig-pleje","7":"product_tag-health-beauty-dead-sea-miner","9":"first","10":"instock","11":"taxable","12":"shipping-taxable","13":"purchasable","14":"product-type-simple"},"acf":[],"_links":{"self":[{"href":"https:\/\/gavermedmening.dk\/index.php?rest_route=\/wp\/v2\/product\/52795","targetHints":{"allow":["GET"]}}],"collection":[{"href":"https:\/\/gavermedmening.dk\/index.php?rest_route=\/wp\/v2\/product"}],"about":[{"href":"https:\/\/gavermedmening.dk\/index.php?rest_route=\/wp\/v2\/types\/product"}],"replies":[{"embeddable":true,"href":"https:\/\/gavermedmening.dk\/index.php?rest_route=%2Fwp%2Fv2%2Fcomments&post=52795"}],"wp:attachment":[{"href":"https:\/\/gavermedmening.dk\/index.php?rest_route=%2Fwp%2Fv2%2Fmedia&parent=52795"}],"wp:term":[{"taxonomy":"product_brand","embeddable":true,"href":"https:\/\/gavermedmening.dk\/index.php?rest_route=%2Fwp%2Fv2%2Fproduct_brand&post=52795"},{"taxonomy":"product_cat","embeddable":true,"href":"https:\/\/gavermedmening.dk\/index.php?rest_route=%2Fwp%2Fv2%2Fproduct_cat&post=52795"},{"taxonomy":"product_tag","embeddable":true,"href":"https:\/\/gavermedmening.dk\/index.php?rest_route=%2Fwp%2Fv2%2Fproduct_tag&post=52795"}],"curies":[{"name":"wp","href":"https:\/\/api.w.org\/{rel}","templated":true}]}}