{"id":52796,"date":"2024-06-20T17:00:15","date_gmt":"2024-06-20T17:00:15","guid":{"rendered":"https:\/\/gavermedmening.dk\/vare\/intensiv-avocado-aloe-vera-ansigtscreme-50-ml\/"},"modified":"2025-05-20T08:24:46","modified_gmt":"2025-05-20T08:24:46","slug":"intensiv-avocado-aloe-vera-ansigtscreme-50-ml","status":"publish","type":"product","link":"https:\/\/gavermedmening.dk\/?product=intensiv-avocado-aloe-vera-ansigtscreme-50-ml","title":{"rendered":"Ansigtscreme: Intensiv avocado &#038; aloe aera (50 ml)"},"content":{"rendered":"<p><strong>Beskrivelse:<\/strong><\/p>\n<p>N\u00e5r huden \u00e6ldes, sker der et fald i celleoms\u00e6tning og et tab af fleksibilitet og styrke. Intensiv brug af fugtighedscreme kan neds\u00e6tte \u00e6ldning af huden.<\/p>\n<p>Intensive Avocado &amp; Aloe Vera cremen giver huden kontinuerlig fugt og en langvarig f\u00f8lelse af afslapning. Den er beriget med avocado-olie, olivenolie, Aloe Vera-ekstrakt, kamille, honningekstrakt, antioxidant-vitamin A, C + E, og D\u00f8dehavsmineraler.<\/p>\n<p>Ved konstant brug f\u00e5r huden meget fugt, der skaber et bl\u00f8dt, fleksibelt og frisk udseende.<br \/>\nVelegnet til normal og t\u00f8r hud.<\/p>\n<hr \/>\n<p>HB Dead Sea-produkterne er baseret p\u00e5 mineraler fra Det D\u00f8de Hav, beriget med vitaminer, planteekstrater og aromatiske olier for at opn\u00e5 sund og skinnende hud og h\u00e5r.<\/p>\n<p>De kosmetiske produkter fra Israel bliver fremstillet i overensstemmelse med internationale forskrifter (ISO og GMP) og ingen produkter er testet p\u00e5 dyr.<\/p>\n","protected":false},"excerpt":{"rendered":"<p>Beskrivelse: N\u00e5r huden \u00e6ldes, sker der et fald i celleoms\u00e6tning og et tab af fleksibilitet og styrke. Intensiv brug af fugtighedscreme kan neds\u00e6tte \u00e6ldning af huden. Intensive Avocado &amp; Aloe Vera cremen giver huden kontinuerlig fugt og en langvarig f\u00f8lelse af afslapning. Den er beriget med avocado-olie, olivenolie, Aloe Vera-ekstrakt, kamille, honningekstrakt, antioxidant-vitamin A, C [&hellip;]<\/p>\n","protected":false},"featured_media":0,"comment_status":"closed","ping_status":"closed","template":"","meta":{"_acf_changed":false,"_et_pb_use_builder":"","_et_pb_old_content":"","_et_gb_content_width":""},"product_brand":[],"product_cat":[6406,6405],"product_tag":[6407],"class_list":{"0":"post-52796","1":"product","2":"type-product","3":"status-publish","5":"product_cat-hbds","6":"product_cat-personlig-pleje","7":"product_tag-health-beauty-dead-sea-miner","9":"first","10":"instock","11":"taxable","12":"shipping-taxable","13":"purchasable","14":"product-type-simple"},"acf":[],"_links":{"self":[{"href":"https:\/\/gavermedmening.dk\/index.php?rest_route=\/wp\/v2\/product\/52796","targetHints":{"allow":["GET"]}}],"collection":[{"href":"https:\/\/gavermedmening.dk\/index.php?rest_route=\/wp\/v2\/product"}],"about":[{"href":"https:\/\/gavermedmening.dk\/index.php?rest_route=\/wp\/v2\/types\/product"}],"replies":[{"embeddable":true,"href":"https:\/\/gavermedmening.dk\/index.php?rest_route=%2Fwp%2Fv2%2Fcomments&post=52796"}],"wp:attachment":[{"href":"https:\/\/gavermedmening.dk\/index.php?rest_route=%2Fwp%2Fv2%2Fmedia&parent=52796"}],"wp:term":[{"taxonomy":"product_brand","embeddable":true,"href":"https:\/\/gavermedmening.dk\/index.php?rest_route=%2Fwp%2Fv2%2Fproduct_brand&post=52796"},{"taxonomy":"product_cat","embeddable":true,"href":"https:\/\/gavermedmening.dk\/index.php?rest_route=%2Fwp%2Fv2%2Fproduct_cat&post=52796"},{"taxonomy":"product_tag","embeddable":true,"href":"https:\/\/gavermedmening.dk\/index.php?rest_route=%2Fwp%2Fv2%2Fproduct_tag&post=52796"}],"curies":[{"name":"wp","href":"https:\/\/api.w.org\/{rel}","templated":true}]}}