{"id":52797,"date":"2024-06-20T17:00:15","date_gmt":"2024-06-20T17:00:15","guid":{"rendered":"https:\/\/gavermedmening.dk\/vare\/kraftfuld-anti-rynke-creme-50-ml\/"},"modified":"2024-11-05T21:02:19","modified_gmt":"2024-11-05T21:02:19","slug":"kraftfuld-anti-rynke-creme-50-ml","status":"publish","type":"product","link":"https:\/\/gavermedmening.dk\/?product=kraftfuld-anti-rynke-creme-50-ml","title":{"rendered":"Ansigtscreme: kraftfuld anti-rynke-creme (50 ml)"},"content":{"rendered":"<p><strong>Beskrivelse:<\/strong><\/p>\n<p>Hurtig absorberende ansigts- og halscreme, der styrker hudens udseende og forbedrer hudens elasticitet. Giver et h\u00f8jt fugtniveau og efterlader huden forynget og med mere gl\u00f8d.<\/p>\n<p>Den kraftige anti-rynke creme indeholder et unikt kompleks af ingredienser, der bidrager til, at din huds naturlige aldringsproces uds\u00e6ttes. Den er beriget med vitamin C og E, primroseolie, havtorn, essentielle fede olier, omega 3 &amp; 6, Aloe Vera, jojobaolie, sheasm\u00f8r, calendulaolie og aktive D\u00f8dehavsmineraler.<\/p>\n<p>Denne kraftfulde anti-rynke creme er en fremragende st\u00e6rk creme med en naturlig anti-rynke effekt, ideel som makeup-foundation og anbefales st\u00e6rkt til kvinder med tendens til rynker p\u00e5 grund af aldring eller efter en di\u00e6t.<\/p>\n<p>Velegnet til normal og til meget t\u00f8r hud.<\/p>\n<hr \/>\n<p>HB Dead Sea-produkterne er baseret p\u00e5 mineraler fra Det D\u00f8de Hav, beriget med vitaminer, planteekstrater og aromatiske olier for at opn\u00e5 sund og skinnende hud og h\u00e5r.<\/p>\n<p>De kosmetiske produkter fra Israel bliver fremstillet i overensstemmelse med internationale forskrifter (ISO og GMP) og ingen produkter er testet p\u00e5 dyr.<\/p>\n","protected":false},"excerpt":{"rendered":"<p>Beskrivelse: Hurtig absorberende ansigts- og halscreme, der styrker hudens udseende og forbedrer hudens elasticitet. Giver et h\u00f8jt fugtniveau og efterlader huden forynget og med mere gl\u00f8d. Den kraftige anti-rynke creme indeholder et unikt kompleks af ingredienser, der bidrager til, at din huds naturlige aldringsproces uds\u00e6ttes. Den er beriget med vitamin C og E, primroseolie, havtorn, [&hellip;]<\/p>\n","protected":false},"featured_media":0,"comment_status":"closed","ping_status":"closed","template":"","meta":{"_acf_changed":false,"_et_pb_use_builder":"","_et_pb_old_content":"","_et_gb_content_width":""},"product_brand":[],"product_cat":[6406,6405],"product_tag":[6407],"class_list":{"0":"post-52797","1":"product","2":"type-product","3":"status-publish","5":"product_cat-hbds","6":"product_cat-personlig-pleje","7":"product_tag-health-beauty-dead-sea-miner","9":"first","10":"instock","11":"taxable","12":"shipping-taxable","13":"purchasable","14":"product-type-simple"},"acf":[],"_links":{"self":[{"href":"https:\/\/gavermedmening.dk\/index.php?rest_route=\/wp\/v2\/product\/52797","targetHints":{"allow":["GET"]}}],"collection":[{"href":"https:\/\/gavermedmening.dk\/index.php?rest_route=\/wp\/v2\/product"}],"about":[{"href":"https:\/\/gavermedmening.dk\/index.php?rest_route=\/wp\/v2\/types\/product"}],"replies":[{"embeddable":true,"href":"https:\/\/gavermedmening.dk\/index.php?rest_route=%2Fwp%2Fv2%2Fcomments&post=52797"}],"wp:attachment":[{"href":"https:\/\/gavermedmening.dk\/index.php?rest_route=%2Fwp%2Fv2%2Fmedia&parent=52797"}],"wp:term":[{"taxonomy":"product_brand","embeddable":true,"href":"https:\/\/gavermedmening.dk\/index.php?rest_route=%2Fwp%2Fv2%2Fproduct_brand&post=52797"},{"taxonomy":"product_cat","embeddable":true,"href":"https:\/\/gavermedmening.dk\/index.php?rest_route=%2Fwp%2Fv2%2Fproduct_cat&post=52797"},{"taxonomy":"product_tag","embeddable":true,"href":"https:\/\/gavermedmening.dk\/index.php?rest_route=%2Fwp%2Fv2%2Fproduct_tag&post=52797"}],"curies":[{"name":"wp","href":"https:\/\/api.w.org\/{rel}","templated":true}]}}