{"id":52799,"date":"2024-06-20T17:00:15","date_gmt":"2024-06-20T17:00:15","guid":{"rendered":"https:\/\/gavermedmening.dk\/vare\/anti-rynke-oejne-og-halscreme-50-ml\/"},"modified":"2024-11-05T21:02:28","modified_gmt":"2024-11-05T21:02:28","slug":"anti-rynke-oejne-og-halscreme-50-ml","status":"publish","type":"product","link":"https:\/\/gavermedmening.dk\/?product=anti-rynke-oejne-og-halscreme-50-ml","title":{"rendered":"Anti-rynke \u00f8jne- og halscreme (50 ml)"},"content":{"rendered":"<p><strong>Beskrivelse:<\/strong><\/p>\n<p>En creme til \u00f8jne og hals, der er meget rig p\u00e5 fugt. Denne creme hj\u00e6lper med at forhindre t\u00f8rhed og g\u00f8r huden bl\u00f8d. Den hj\u00e6lper med at skjule h\u00e6velser og m\u00f8rke rander, fungerer som en base for make-up, og den har en udglattende virkning p\u00e5 udtryksrynker.<\/p>\n<p>Anti-rynke \u00f8jencremen er velegnet til b\u00e5de m\u00e6nd og kvinder, der s\u00f8ger den perfekte behandling til \u00f8jenomr\u00e5det. Den giver omr\u00e5det omkring \u00f8jnene fugt og efterlader det glat og afslappet.<\/p>\n<p>Cremen er beriget med kamille, hybenolie, avocadoolie, aloe vera-ekstrakt, gr\u00f8n teekstrakt, vitamin A + B5 + E og D\u00f8dehavsmineraler. Cremen indeholder ogs\u00e5 hyaluronsyre og UV-filter.<\/p>\n<p>Velegnet til alle hudtyper.<\/p>\n<hr \/>\n<p>HB Dead Sea-produkterne er baseret p\u00e5 mineraler fra Det D\u00f8de Hav, beriget med vitaminer, planteekstrater og aromatiske olier for at opn\u00e5 sund og skinnende hud og h\u00e5r.<\/p>\n<p>De kosmetiske produkter fra Israel bliver fremstillet i overensstemmelse med internationale forskrifter (ISO og GMP) og ingen produkter er testet p\u00e5 dyr.<\/p>\n","protected":false},"excerpt":{"rendered":"<p>Beskrivelse: En creme til \u00f8jne og hals, der er meget rig p\u00e5 fugt. Denne creme hj\u00e6lper med at forhindre t\u00f8rhed og g\u00f8r huden bl\u00f8d. Den hj\u00e6lper med at skjule h\u00e6velser og m\u00f8rke rander, fungerer som en base for make-up, og den har en udglattende virkning p\u00e5 udtryksrynker. Anti-rynke \u00f8jencremen er velegnet til b\u00e5de m\u00e6nd og [&hellip;]<\/p>\n","protected":false},"featured_media":0,"comment_status":"closed","ping_status":"closed","template":"","meta":{"_acf_changed":false,"_et_pb_use_builder":"","_et_pb_old_content":"","_et_gb_content_width":""},"product_brand":[],"product_cat":[6406,6405],"product_tag":[6407],"class_list":{"0":"post-52799","1":"product","2":"type-product","3":"status-publish","5":"product_cat-hbds","6":"product_cat-personlig-pleje","7":"product_tag-health-beauty-dead-sea-miner","9":"first","10":"onbackorder","11":"taxable","12":"shipping-taxable","13":"purchasable","14":"product-type-simple"},"acf":[],"_links":{"self":[{"href":"https:\/\/gavermedmening.dk\/index.php?rest_route=\/wp\/v2\/product\/52799","targetHints":{"allow":["GET"]}}],"collection":[{"href":"https:\/\/gavermedmening.dk\/index.php?rest_route=\/wp\/v2\/product"}],"about":[{"href":"https:\/\/gavermedmening.dk\/index.php?rest_route=\/wp\/v2\/types\/product"}],"replies":[{"embeddable":true,"href":"https:\/\/gavermedmening.dk\/index.php?rest_route=%2Fwp%2Fv2%2Fcomments&post=52799"}],"wp:attachment":[{"href":"https:\/\/gavermedmening.dk\/index.php?rest_route=%2Fwp%2Fv2%2Fmedia&parent=52799"}],"wp:term":[{"taxonomy":"product_brand","embeddable":true,"href":"https:\/\/gavermedmening.dk\/index.php?rest_route=%2Fwp%2Fv2%2Fproduct_brand&post=52799"},{"taxonomy":"product_cat","embeddable":true,"href":"https:\/\/gavermedmening.dk\/index.php?rest_route=%2Fwp%2Fv2%2Fproduct_cat&post=52799"},{"taxonomy":"product_tag","embeddable":true,"href":"https:\/\/gavermedmening.dk\/index.php?rest_route=%2Fwp%2Fv2%2Fproduct_tag&post=52799"}],"curies":[{"name":"wp","href":"https:\/\/api.w.org\/{rel}","templated":true}]}}