{"id":52800,"date":"2024-06-20T17:00:15","date_gmt":"2024-06-20T17:00:15","guid":{"rendered":"https:\/\/gavermedmening.dk\/vare\/rensende-muddermaske-beriget-med-aloe-vera-%c2%96-150-ml\/"},"modified":"2024-11-05T21:02:33","modified_gmt":"2024-11-05T21:02:33","slug":"rensende-muddermaske-beriget-med-aloe-vera-%c2%96-150-ml","status":"publish","type":"product","link":"https:\/\/gavermedmening.dk\/?product=rensende-muddermaske-beriget-med-aloe-vera-%c2%96-150-ml","title":{"rendered":"Rensende muddermaske beriget med aloe vera (150 ml)"},"content":{"rendered":"<p>Denne rensende muddermaske renser dybt. Den er baseret p\u00e5 naturligt Dead Sea-mudder.<\/p>\n<p>Masken er beriget med Aloe Vera, Jojobaolie, olivenolie og aktive D\u00f8dehavsmineraler. Masken renser huden uden at udt\u00f8rre den, indsn\u00e6vrer porerne og absorberer overskydende olie og rester af make-up. Brug af denne rensende maske afslapper huden, beroliger og forbedrer hudens struktur samt efterlader huden forynget med et mat og glat udseende. Masken bidrager til den mest effektive absorbtion af de essentielle sk\u00f8nhedsingredienser. Resultatet: yngre og ren hud.<\/p>\n<p>Den er velegnet til alle hudtyper og is\u00e6r til fedtet hud.<\/p>\n<hr \/>\n<p>HB Dead Sea-produkterne er baseret p\u00e5 mineraler fra Det D\u00f8de Hav, beriget med vitaminer, planteekstrater og aromatiske olier for at opn\u00e5 sund og skinnende hud og h\u00e5r.<\/p>\n<p>De kosmetiske produkter fra Israel bliver fremstillet i overensstemmelse med internationale forskrifter (ISO og GMP) og ingen produkter er testet p\u00e5 dyr.<\/p>\n","protected":false},"excerpt":{"rendered":"<p>Denne rensende muddermaske renser dybt. Den er baseret p\u00e5 naturligt Dead Sea-mudder. Masken er beriget med Aloe Vera, Jojobaolie, olivenolie og aktive D\u00f8dehavsmineraler. Masken renser huden uden at udt\u00f8rre den, indsn\u00e6vrer porerne og absorberer overskydende olie og rester af make-up. Brug af denne rensende maske afslapper huden, beroliger og forbedrer hudens struktur samt efterlader huden [&hellip;]<\/p>\n","protected":false},"featured_media":0,"comment_status":"closed","ping_status":"closed","template":"","meta":{"_acf_changed":false,"_et_pb_use_builder":"","_et_pb_old_content":"","_et_gb_content_width":""},"product_brand":[],"product_cat":[6406,6405],"product_tag":[6407],"class_list":{"0":"post-52800","1":"product","2":"type-product","3":"status-publish","5":"product_cat-hbds","6":"product_cat-personlig-pleje","7":"product_tag-health-beauty-dead-sea-miner","9":"first","10":"instock","11":"taxable","12":"shipping-taxable","13":"purchasable","14":"product-type-simple"},"acf":[],"_links":{"self":[{"href":"https:\/\/gavermedmening.dk\/index.php?rest_route=\/wp\/v2\/product\/52800","targetHints":{"allow":["GET"]}}],"collection":[{"href":"https:\/\/gavermedmening.dk\/index.php?rest_route=\/wp\/v2\/product"}],"about":[{"href":"https:\/\/gavermedmening.dk\/index.php?rest_route=\/wp\/v2\/types\/product"}],"replies":[{"embeddable":true,"href":"https:\/\/gavermedmening.dk\/index.php?rest_route=%2Fwp%2Fv2%2Fcomments&post=52800"}],"wp:attachment":[{"href":"https:\/\/gavermedmening.dk\/index.php?rest_route=%2Fwp%2Fv2%2Fmedia&parent=52800"}],"wp:term":[{"taxonomy":"product_brand","embeddable":true,"href":"https:\/\/gavermedmening.dk\/index.php?rest_route=%2Fwp%2Fv2%2Fproduct_brand&post=52800"},{"taxonomy":"product_cat","embeddable":true,"href":"https:\/\/gavermedmening.dk\/index.php?rest_route=%2Fwp%2Fv2%2Fproduct_cat&post=52800"},{"taxonomy":"product_tag","embeddable":true,"href":"https:\/\/gavermedmening.dk\/index.php?rest_route=%2Fwp%2Fv2%2Fproduct_tag&post=52800"}],"curies":[{"name":"wp","href":"https:\/\/api.w.org\/{rel}","templated":true}]}}