{"id":52801,"date":"2024-06-20T17:00:15","date_gmt":"2024-06-20T17:00:15","guid":{"rendered":"https:\/\/gavermedmening.dk\/vare\/after-shave-balsam-150-ml\/"},"modified":"2024-11-05T21:02:37","modified_gmt":"2024-11-05T21:02:37","slug":"after-shave-balsam-150-ml","status":"publish","type":"product","link":"https:\/\/gavermedmening.dk\/?product=after-shave-balsam-150-ml","title":{"rendered":"After Shave Balsam (150 ml)"},"content":{"rendered":"<p>Et unikt produkt, der absorberes hurtigt og giver huden fugt, elasticitet og friskhed. P\u00e5f\u00f8ring af cremen fjerner straks r\u00f8dme og irritation for\u00e5rsaget af barbering. Den anbefales desuden til behandling af hudskader for\u00e5rsaget af rygning, alkohol og stress.<\/p>\n<p>Denne aftershave er beriget med A + E-vitaminer, naturlig Aloe Vera-essens og D\u00f8dehavsmineraler. Indeholder UV-filter.<\/p>\n<p>Velegnet til alle hudtyper.<\/p>\n<hr \/>\n<p>HB Dead Sea-produkterne er baseret p\u00e5 mineraler fra Det D\u00f8de Hav, beriget med vitaminer, planteekstrater og aromatiske olier for at opn\u00e5 sund og skinnende hud og h\u00e5r.<\/p>\n<p>De kosmetiske produkter fra Israel bliver fremstillet i overensstemmelse med internationale forskrifter (ISO og GMP) og ingen produkter er testet p\u00e5 dyr.<\/p>\n","protected":false},"excerpt":{"rendered":"<p>Et unikt produkt, der absorberes hurtigt og giver huden fugt, elasticitet og friskhed. P\u00e5f\u00f8ring af cremen fjerner straks r\u00f8dme og irritation for\u00e5rsaget af barbering. Den anbefales desuden til behandling af hudskader for\u00e5rsaget af rygning, alkohol og stress. Denne aftershave er beriget med A + E-vitaminer, naturlig Aloe Vera-essens og D\u00f8dehavsmineraler. Indeholder UV-filter. Velegnet til alle [&hellip;]<\/p>\n","protected":false},"featured_media":0,"comment_status":"closed","ping_status":"closed","template":"","meta":{"_acf_changed":false,"_et_pb_use_builder":"","_et_pb_old_content":"","_et_gb_content_width":""},"product_brand":[],"product_cat":[6406,6405],"product_tag":[6407],"class_list":{"0":"post-52801","1":"product","2":"type-product","3":"status-publish","5":"product_cat-hbds","6":"product_cat-personlig-pleje","7":"product_tag-health-beauty-dead-sea-miner","9":"first","10":"instock","11":"sale","12":"taxable","13":"shipping-taxable","14":"purchasable","15":"product-type-simple"},"acf":[],"_links":{"self":[{"href":"https:\/\/gavermedmening.dk\/index.php?rest_route=\/wp\/v2\/product\/52801","targetHints":{"allow":["GET"]}}],"collection":[{"href":"https:\/\/gavermedmening.dk\/index.php?rest_route=\/wp\/v2\/product"}],"about":[{"href":"https:\/\/gavermedmening.dk\/index.php?rest_route=\/wp\/v2\/types\/product"}],"replies":[{"embeddable":true,"href":"https:\/\/gavermedmening.dk\/index.php?rest_route=%2Fwp%2Fv2%2Fcomments&post=52801"}],"wp:attachment":[{"href":"https:\/\/gavermedmening.dk\/index.php?rest_route=%2Fwp%2Fv2%2Fmedia&parent=52801"}],"wp:term":[{"taxonomy":"product_brand","embeddable":true,"href":"https:\/\/gavermedmening.dk\/index.php?rest_route=%2Fwp%2Fv2%2Fproduct_brand&post=52801"},{"taxonomy":"product_cat","embeddable":true,"href":"https:\/\/gavermedmening.dk\/index.php?rest_route=%2Fwp%2Fv2%2Fproduct_cat&post=52801"},{"taxonomy":"product_tag","embeddable":true,"href":"https:\/\/gavermedmening.dk\/index.php?rest_route=%2Fwp%2Fv2%2Fproduct_tag&post=52801"}],"curies":[{"name":"wp","href":"https:\/\/api.w.org\/{rel}","templated":true}]}}