{"id":55208,"date":"2023-04-09T01:33:59","date_gmt":"2023-04-09T00:33:59","guid":{"rendered":"https:\/\/gavermedmening.dk\/vare\/129511\/"},"modified":"2024-11-07T21:11:03","modified_gmt":"2024-11-07T21:11:03","slug":"129511","status":"publish","type":"product","link":"https:\/\/gavermedmening.dk\/?product=129511","title":{"rendered":"Tillid, gl\u00e6de og k\u00e6rlighed &#8211; festskrift i anledning af Dansk Bibel-Instituts 50-\u00e5rs-jubil\u00e6um"},"content":{"rendered":"","protected":false},"excerpt":{"rendered":"","protected":false},"featured_media":0,"comment_status":"closed","ping_status":"closed","template":"","meta":{"_acf_changed":false,"_et_pb_use_builder":"","_et_pb_old_content":"","_et_gb_content_width":""},"product_brand":[],"product_cat":[6242,6429],"product_tag":[],"class_list":{"0":"post-55208","1":"product","2":"type-product","3":"status-publish","5":"product_cat-elian","6":"product_cat-spise-og-drikke","8":"first","9":"instock","10":"product-type-simple"},"acf":[],"_links":{"self":[{"href":"https:\/\/gavermedmening.dk\/index.php?rest_route=\/wp\/v2\/product\/55208","targetHints":{"allow":["GET"]}}],"collection":[{"href":"https:\/\/gavermedmening.dk\/index.php?rest_route=\/wp\/v2\/product"}],"about":[{"href":"https:\/\/gavermedmening.dk\/index.php?rest_route=\/wp\/v2\/types\/product"}],"replies":[{"embeddable":true,"href":"https:\/\/gavermedmening.dk\/index.php?rest_route=%2Fwp%2Fv2%2Fcomments&post=55208"}],"wp:attachment":[{"href":"https:\/\/gavermedmening.dk\/index.php?rest_route=%2Fwp%2Fv2%2Fmedia&parent=55208"}],"wp:term":[{"taxonomy":"product_brand","embeddable":true,"href":"https:\/\/gavermedmening.dk\/index.php?rest_route=%2Fwp%2Fv2%2Fproduct_brand&post=55208"},{"taxonomy":"product_cat","embeddable":true,"href":"https:\/\/gavermedmening.dk\/index.php?rest_route=%2Fwp%2Fv2%2Fproduct_cat&post=55208"},{"taxonomy":"product_tag","embeddable":true,"href":"https:\/\/gavermedmening.dk\/index.php?rest_route=%2Fwp%2Fv2%2Fproduct_tag&post=55208"}],"curies":[{"name":"wp","href":"https:\/\/api.w.org\/{rel}","templated":true}]}}