{"id":55325,"date":"2024-10-20T16:47:25","date_gmt":"2024-10-20T16:47:25","guid":{"rendered":"https:\/\/gavermedmening.dk\/vare\/indkoebsnet-i-jute-og-laeder-choose-gratitude\/"},"modified":"2024-11-10T21:08:16","modified_gmt":"2024-11-10T21:08:16","slug":"indkoebsnet-i-jute-og-laeder-choose-gratitude","status":"publish","type":"product","link":"https:\/\/gavermedmening.dk\/?product=indkoebsnet-i-jute-og-laeder-choose-gratitude","title":{"rendered":"Indk\u00f8bsnet i jute og l\u00e6der &#8211; Choose Gratitude"},"content":{"rendered":"<p><strong>Beskrivelse:<\/strong><\/p>\n<p>Lav et statement med dit yndlingsindk\u00f8bsnet i en helt ny farve!<br \/>\nUundv\u00e6rlig til hverdagens eventyr, indk\u00f8bsture eller din n\u00e6ste weekendudflugt.<\/p>\n<ul>\n<li>Vandt\u00e6t foring<\/li>\n<li>Inderlomme<\/li>\n<li>Materialer: Jute og l\u00e6der<\/li>\n<li>Tekst: Choose Gratitude<\/li>\n<li>St\u00f8rrelse: 33 cm H x 46 cm B x 20 cm D<\/li>\n<li>Lomme: 18 cm B x 25 cm H<\/li>\n<\/ul>\n","protected":false},"excerpt":{"rendered":"<p>Beskrivelse: Lav et statement med dit yndlingsindk\u00f8bsnet i en helt ny farve! Uundv\u00e6rlig til hverdagens eventyr, indk\u00f8bsture eller din n\u00e6ste weekendudflugt. Vandt\u00e6t foring Inderlomme Materialer: Jute og l\u00e6der Tekst: Choose Gratitude St\u00f8rrelse: 33 cm H x 46 cm B x 20 cm D Lomme: 18 cm B x 25 cm H<\/p>\n","protected":false},"featured_media":55326,"comment_status":"closed","ping_status":"closed","template":"","meta":{"_acf_changed":false,"_et_pb_use_builder":"","_et_pb_old_content":"","_et_gb_content_width":""},"product_brand":[],"product_cat":[6265,6430,6363],"product_tag":[],"class_list":{"0":"post-55325","1":"product","2":"type-product","3":"status-publish","4":"has-post-thumbnail","6":"product_cat-creative-brands","7":"product_cat-tasker-punge-covers","8":"product_cat-til-kvinder","10":"first","11":"instock","12":"taxable","13":"shipping-taxable","14":"purchasable","15":"product-type-simple"},"acf":[],"_links":{"self":[{"href":"https:\/\/gavermedmening.dk\/index.php?rest_route=\/wp\/v2\/product\/55325","targetHints":{"allow":["GET"]}}],"collection":[{"href":"https:\/\/gavermedmening.dk\/index.php?rest_route=\/wp\/v2\/product"}],"about":[{"href":"https:\/\/gavermedmening.dk\/index.php?rest_route=\/wp\/v2\/types\/product"}],"replies":[{"embeddable":true,"href":"https:\/\/gavermedmening.dk\/index.php?rest_route=%2Fwp%2Fv2%2Fcomments&post=55325"}],"wp:featuredmedia":[{"embeddable":true,"href":"https:\/\/gavermedmening.dk\/index.php?rest_route=\/wp\/v2\/media\/55326"}],"wp:attachment":[{"href":"https:\/\/gavermedmening.dk\/index.php?rest_route=%2Fwp%2Fv2%2Fmedia&parent=55325"}],"wp:term":[{"taxonomy":"product_brand","embeddable":true,"href":"https:\/\/gavermedmening.dk\/index.php?rest_route=%2Fwp%2Fv2%2Fproduct_brand&post=55325"},{"taxonomy":"product_cat","embeddable":true,"href":"https:\/\/gavermedmening.dk\/index.php?rest_route=%2Fwp%2Fv2%2Fproduct_cat&post=55325"},{"taxonomy":"product_tag","embeddable":true,"href":"https:\/\/gavermedmening.dk\/index.php?rest_route=%2Fwp%2Fv2%2Fproduct_tag&post=55325"}],"curies":[{"name":"wp","href":"https:\/\/api.w.org\/{rel}","templated":true}]}}