{"id":55735,"date":"2024-06-18T09:39:58","date_gmt":"2024-06-18T09:39:58","guid":{"rendered":"https:\/\/gavermedmening.dk\/vare\/fisk-plastrelief-7-cm\/"},"modified":"2025-05-09T16:16:11","modified_gmt":"2025-05-09T16:16:11","slug":"fisk-plastrelief-7-cm","status":"publish","type":"product","link":"https:\/\/gavermedmening.dk\/?product=fisk-plastrelief-7-cm","title":{"rendered":"Fisk plastrelief 7 cm"},"content":{"rendered":"<p><strong>Forlagets omtale:\u00a0<\/strong><br \/>Forkromet plastreliefm\u00e6rke, fisk &#8211; s\u00f8lvfarvet.<\/p>\n<p>Selvkl\u00e6bende 7 cm <\/p>\n","protected":false},"excerpt":{"rendered":"<p>Forlagets omtale:\u00a0Forkromet plastreliefm\u00e6rke, fisk &#8211; s\u00f8lvfarvet. Selvkl\u00e6bende 7 cm<\/p>\n","protected":false},"featured_media":55736,"comment_status":"closed","ping_status":"closed","template":"","meta":{"_acf_changed":false,"_et_pb_use_builder":"","_et_pb_old_content":"","_et_gb_content_width":""},"product_brand":[],"product_cat":[6266,6390],"product_tag":[],"class_list":{"0":"post-55735","1":"product","2":"type-product","3":"status-publish","4":"has-post-thumbnail","6":"product_cat-lohses-forlag","7":"product_cat-til-bilen","9":"first","10":"instock","11":"taxable","12":"shipping-taxable","13":"purchasable","14":"product-type-simple"},"acf":[],"_links":{"self":[{"href":"https:\/\/gavermedmening.dk\/index.php?rest_route=\/wp\/v2\/product\/55735","targetHints":{"allow":["GET"]}}],"collection":[{"href":"https:\/\/gavermedmening.dk\/index.php?rest_route=\/wp\/v2\/product"}],"about":[{"href":"https:\/\/gavermedmening.dk\/index.php?rest_route=\/wp\/v2\/types\/product"}],"replies":[{"embeddable":true,"href":"https:\/\/gavermedmening.dk\/index.php?rest_route=%2Fwp%2Fv2%2Fcomments&post=55735"}],"wp:featuredmedia":[{"embeddable":true,"href":"https:\/\/gavermedmening.dk\/index.php?rest_route=\/wp\/v2\/media\/55736"}],"wp:attachment":[{"href":"https:\/\/gavermedmening.dk\/index.php?rest_route=%2Fwp%2Fv2%2Fmedia&parent=55735"}],"wp:term":[{"taxonomy":"product_brand","embeddable":true,"href":"https:\/\/gavermedmening.dk\/index.php?rest_route=%2Fwp%2Fv2%2Fproduct_brand&post=55735"},{"taxonomy":"product_cat","embeddable":true,"href":"https:\/\/gavermedmening.dk\/index.php?rest_route=%2Fwp%2Fv2%2Fproduct_cat&post=55735"},{"taxonomy":"product_tag","embeddable":true,"href":"https:\/\/gavermedmening.dk\/index.php?rest_route=%2Fwp%2Fv2%2Fproduct_tag&post=55735"}],"curies":[{"name":"wp","href":"https:\/\/api.w.org\/{rel}","templated":true}]}}