{"id":58024,"date":"2024-06-21T10:10:01","date_gmt":"2024-06-21T10:10:01","guid":{"rendered":"https:\/\/gavermedmening.dk\/vare\/lyst-saet-gang-i-samtalen-om-lyst\/"},"modified":"2024-11-13T06:48:34","modified_gmt":"2024-11-13T06:48:34","slug":"lyst-saet-gang-i-samtalen-om-lyst","status":"publish","type":"product","link":"https:\/\/gavermedmening.dk\/?product=lyst-saet-gang-i-samtalen-om-lyst","title":{"rendered":"Lyst &#8211; s\u00e6t gang i samtalen om lyst"},"content":{"rendered":"<p><strong>Beskrivelse:<\/strong><\/p>\n<p>At kende sin egen og sin partners lyst, t\u00e6nding og tanker herom, er en gave til parforholdet. En kilde til n\u00e6rv\u00e6r, nydelse og erotik.\u00a0<\/p>\n<p>S\u00e6t fokus p\u00e5 lysten og l\u00e6r nyt om dig, din partner og lysten mellem jer med b\u00e5de sp\u00f8rgsm\u00e5l og \u00f8velser som: Hvad kan g\u00f8re sex sjovt for dig? Hvorn\u00e5r oplever du, at vores intimitet er st\u00f8rst? Hvad er et godt seksuelt initiativ for dig?<\/p>\n<p><strong><span class=\"summary__title\"><span class=\"accordion__title\">S\u00e5dan spiller du:<\/span><\/span><\/strong><\/p>\n<div class=\"accordion__content rte\">\n<p>I dette spil, skal I som partenere stille sp\u00f8rgsm\u00e5l til hinanden. P\u00e5 hvert kort er der to sp\u00f8rgsm\u00e5l.<\/p>\n<p>I skiftes til at tr\u00e6kke et kort og stille et sp\u00f8rgsm\u00e5l til den anden. Den som tr\u00e6kker kortet, bestemmer selv, hvilket af de to muligheder der skal i spil.<\/p>\n<p>Som partner m\u00e5 du gerne sp\u00f8rge ind til det som fort\u00e6lles, men det er med den anden i fokus. Det er vigtigt, at man ikke overtager snakken, men g\u00f8r en dyd ud af at lytte, n\u00e5r der fort\u00e6lles. N\u00e5r din partner er f\u00e6rdig med at svare, tr\u00e6kkes et nyt kort og turen g\u00e5r videre.<\/p>\n<p>Spillet best\u00e5r af 55 kort med 110 sp\u00f8rgsm\u00e5l samt 1 regelkort.<\/p>\n<p><strong><span class=\"summary__title\"><span class=\"accordion__title\">Eksempler p\u00e5 sp\u00f8rgsm\u00e5l:<\/span><\/span><\/strong><\/p>\n<p>Hvad v\u00e6rds\u00e6tter du s\u00e6rligt ved mig?<\/p>\n<p>Hvordan har du det med oralsex?<\/p>\n<p>Hvad kunne for dig v\u00e6re et tabu i vores sexliv?<\/p>\n<p>Hvad skaber for dig, kontakt til din krop og din egen lyst?<\/p>\n<p>Hvorn\u00e5r oplever du dig elsket af mig?<\/p>\n<p>Hvordan kan jeg afvise dig p\u00e5 en god m\u00e5de?<\/p>\n<p>Hvad er et godt forspil for dig?<\/p>\n<p>Hvor har du mest lyst til at tage hen p\u00e5 ferie &#8211; og hvorn\u00e5r?<\/p>\n<p>Hvilket sex-leget\u00f8j er din favorit?<\/p>\n<\/div>\n","protected":false},"excerpt":{"rendered":"<p>Beskrivelse: At kende sin egen og sin partners lyst, t\u00e6nding og tanker herom, er en gave til parforholdet. En kilde til n\u00e6rv\u00e6r, nydelse og erotik.\u00a0 S\u00e6t fokus p\u00e5 lysten og l\u00e6r nyt om dig, din partner og lysten mellem jer med b\u00e5de sp\u00f8rgsm\u00e5l og \u00f8velser som: Hvad kan g\u00f8re sex sjovt for dig? Hvorn\u00e5r oplever [&hellip;]<\/p>\n","protected":false},"featured_media":0,"comment_status":"closed","ping_status":"closed","template":"","meta":{"_acf_changed":false,"_et_pb_use_builder":"","_et_pb_old_content":"","_et_gb_content_width":""},"product_brand":[],"product_cat":[6362,6435],"product_tag":[],"class_list":{"0":"post-58024","1":"product","2":"type-product","3":"status-publish","5":"product_cat-kort-til-samtale-boen-opmuntring","6":"product_cat-snak","8":"first","9":"instock","10":"taxable","11":"shipping-taxable","12":"purchasable","13":"product-type-simple"},"acf":[],"_links":{"self":[{"href":"https:\/\/gavermedmening.dk\/index.php?rest_route=\/wp\/v2\/product\/58024","targetHints":{"allow":["GET"]}}],"collection":[{"href":"https:\/\/gavermedmening.dk\/index.php?rest_route=\/wp\/v2\/product"}],"about":[{"href":"https:\/\/gavermedmening.dk\/index.php?rest_route=\/wp\/v2\/types\/product"}],"replies":[{"embeddable":true,"href":"https:\/\/gavermedmening.dk\/index.php?rest_route=%2Fwp%2Fv2%2Fcomments&post=58024"}],"wp:attachment":[{"href":"https:\/\/gavermedmening.dk\/index.php?rest_route=%2Fwp%2Fv2%2Fmedia&parent=58024"}],"wp:term":[{"taxonomy":"product_brand","embeddable":true,"href":"https:\/\/gavermedmening.dk\/index.php?rest_route=%2Fwp%2Fv2%2Fproduct_brand&post=58024"},{"taxonomy":"product_cat","embeddable":true,"href":"https:\/\/gavermedmening.dk\/index.php?rest_route=%2Fwp%2Fv2%2Fproduct_cat&post=58024"},{"taxonomy":"product_tag","embeddable":true,"href":"https:\/\/gavermedmening.dk\/index.php?rest_route=%2Fwp%2Fv2%2Fproduct_tag&post=58024"}],"curies":[{"name":"wp","href":"https:\/\/api.w.org\/{rel}","templated":true}]}}