{"id":58030,"date":"2024-06-21T10:08:30","date_gmt":"2024-06-21T10:08:30","guid":{"rendered":"https:\/\/gavermedmening.dk\/vare\/venskab-samtaler-om-livets-eliksir\/"},"modified":"2024-11-13T06:48:50","modified_gmt":"2024-11-13T06:48:50","slug":"venskab-samtaler-om-livets-eliksir","status":"publish","type":"product","link":"https:\/\/gavermedmening.dk\/?product=venskab-samtaler-om-livets-eliksir","title":{"rendered":"Venskab &#8211; samtaler om livets eliksir"},"content":{"rendered":"<p><strong>Beskrivelse:<\/strong><\/p>\n<p>Samtalekort som en hyldest til venskabet. Til jer som allerede er t\u00e6t p\u00e5 hinanden og \u00f8nsker at blive endnu t\u00e6ttere &#8211; eller mindes alt det, I har oplevet sammen.\u00a0Find ud af hvor godt I kender hinanden og l\u00e6r nye sider af dig selv og dine venner. Stil hinanden sp\u00f8rgsm\u00e5l som: Hvad er det sjovest vi har lavet sammen? Hvordan kunne en god ferie med mig se ud? Hvad kan g\u00f8re mig ut\u00e5lmodig? En hyggelig og sjov m\u00e5de at f\u00e5 talt om alt det, som jeres venskab er og har at byde p\u00e5.<\/p>\n<p>Illustrationer tegnet af Ruth Foster.<\/p>\n<p><strong><span class=\"summary__title\"><span class=\"accordion__title\">S\u00e5dan spiller du:<\/span><\/span><\/strong><\/p>\n<div class=\"accordion__content rte\">\n<p>I dette spil, skal I stille sp\u00f8rgsm\u00e5l til hinanden mellem venner. P\u00e5 hvert kort er der to sp\u00f8rgsm\u00e5l. Den som tr\u00e6kker et kort, v\u00e6lger selv \u00e9t af de to sp\u00f8rgsm\u00e5l og stiller til en anden. Kan b\u00e5de spilles af to eller en hel vennegruppe.<\/p>\n<p>Spillet best\u00e5r af 55 kort med 110 sp\u00f8rgsm\u00e5l og 1 regelkort.<\/p>\n<p><strong><span class=\"summary__title\"><span class=\"accordion__title\">Eksempler p\u00e5 sp\u00f8rgsm\u00e5l:<\/span><\/span><\/strong><\/p>\n<p>Hvor mange lande har jeg rejst til?<br \/>Hvad er det mest irriterende ved mig?<br \/>Hvorn\u00e5r har du l\u00e6rt noget nyt af mig?<br \/>Hvad var min f\u00f8rste oplevelse med at blive fuld?<br \/>Kan jeg godt lide kostumer og kl\u00e6de mig ud?<br \/>Hvordan l\u00e6rte du mig at kende?<br \/>Hvad ville du \u00f8nske, at vi gjorde sammen noget oftere?<br \/>Vil jeg helst bo i en storby eller p\u00e5 en g\u00e5rd?<br \/>Hvad er den seneste nye ting, som du har l\u00e6rt om mig?<br \/>Har du lagt m\u00e6rke til, om jeg har forandret mig? Hvis ja, hvordan?<\/p>\n<\/div>\n","protected":false},"excerpt":{"rendered":"<p>Beskrivelse: Samtalekort som en hyldest til venskabet. Til jer som allerede er t\u00e6t p\u00e5 hinanden og \u00f8nsker at blive endnu t\u00e6ttere &#8211; eller mindes alt det, I har oplevet sammen.\u00a0Find ud af hvor godt I kender hinanden og l\u00e6r nye sider af dig selv og dine venner. Stil hinanden sp\u00f8rgsm\u00e5l som: Hvad er det sjovest [&hellip;]<\/p>\n","protected":false},"featured_media":0,"comment_status":"closed","ping_status":"closed","template":"","meta":{"_acf_changed":false,"_et_pb_use_builder":"","_et_pb_old_content":"","_et_gb_content_width":""},"product_brand":[],"product_cat":[6362,6435],"product_tag":[],"class_list":{"0":"post-58030","1":"product","2":"type-product","3":"status-publish","5":"product_cat-kort-til-samtale-boen-opmuntring","6":"product_cat-snak","8":"first","9":"instock","10":"taxable","11":"shipping-taxable","12":"purchasable","13":"product-type-simple"},"acf":[],"_links":{"self":[{"href":"https:\/\/gavermedmening.dk\/index.php?rest_route=\/wp\/v2\/product\/58030","targetHints":{"allow":["GET"]}}],"collection":[{"href":"https:\/\/gavermedmening.dk\/index.php?rest_route=\/wp\/v2\/product"}],"about":[{"href":"https:\/\/gavermedmening.dk\/index.php?rest_route=\/wp\/v2\/types\/product"}],"replies":[{"embeddable":true,"href":"https:\/\/gavermedmening.dk\/index.php?rest_route=%2Fwp%2Fv2%2Fcomments&post=58030"}],"wp:attachment":[{"href":"https:\/\/gavermedmening.dk\/index.php?rest_route=%2Fwp%2Fv2%2Fmedia&parent=58030"}],"wp:term":[{"taxonomy":"product_brand","embeddable":true,"href":"https:\/\/gavermedmening.dk\/index.php?rest_route=%2Fwp%2Fv2%2Fproduct_brand&post=58030"},{"taxonomy":"product_cat","embeddable":true,"href":"https:\/\/gavermedmening.dk\/index.php?rest_route=%2Fwp%2Fv2%2Fproduct_cat&post=58030"},{"taxonomy":"product_tag","embeddable":true,"href":"https:\/\/gavermedmening.dk\/index.php?rest_route=%2Fwp%2Fv2%2Fproduct_tag&post=58030"}],"curies":[{"name":"wp","href":"https:\/\/api.w.org\/{rel}","templated":true}]}}