{"id":58032,"date":"2024-06-21T10:06:46","date_gmt":"2024-06-21T10:06:46","guid":{"rendered":"https:\/\/gavermedmening.dk\/vare\/go-samtale-sammenbragte-familier\/"},"modified":"2024-11-13T06:49:36","modified_gmt":"2024-11-13T06:49:36","slug":"go-samtale-sammenbragte-familier","status":"publish","type":"product","link":"https:\/\/gavermedmening.dk\/?product=go-samtale-sammenbragte-familier","title":{"rendered":"Go&#8217; samtale &#8211; sammenbragte familier"},"content":{"rendered":"<p><strong>Beskrivelse<\/strong>:<\/p>\n<p>Skab et godt og trygt hjem for alle<\/p>\n<p>Go\u0092 Samtale for sammenbragte familier er 60 samtalekort om hverdagen og livet som sammenbragt familie.<\/p>\n<p>Tr\u00e6k et kort og styrk jeres forst\u00e5else og sammenhold i familien ved at lytte til hinandens tanker og f\u00f8lelser &#8211; b\u00e5de de gode, og dem der kan v\u00e6re sv\u00e6re.<\/p>\n<p>Samtalekortene er inddelt i 25 voksenkort og 25 familiekort med hvert sit emne og tre sp\u00f8rgsm\u00e5l. Desuden 10 hyggekort med sm\u00e5 opgaver.<\/p>\n<p>Emner:\u00a0<em>Tillid, savn, humor, forventninger, forandringer, hjem, gr\u00e6nser, f\u00f8lelsesm\u00e6ssige b\u00e5nd, opm\u00e6rksomhed, bekymringer, samarbejde<\/em>\u00a0+ mange flere.<\/p>\n<p>Brug fx kortene, n\u00e5r I spiser sammen eller p\u00e5 k\u00f8returen og ferier.<\/p>\n<p>Bedst fra 6 \u00e5r, men mindre s\u00f8skende kan ogs\u00e5 v\u00e6re lidt med.<\/p>\n<p>Udviklet i samarbejde med\u00a0Center for Familieudvikling.<\/p>\n","protected":false},"excerpt":{"rendered":"<p>Beskrivelse: Skab et godt og trygt hjem for alle Go\u0092 Samtale for sammenbragte familier er 60 samtalekort om hverdagen og livet som sammenbragt familie. Tr\u00e6k et kort og styrk jeres forst\u00e5else og sammenhold i familien ved at lytte til hinandens tanker og f\u00f8lelser &#8211; b\u00e5de de gode, og dem der kan v\u00e6re sv\u00e6re. Samtalekortene er [&hellip;]<\/p>\n","protected":false},"featured_media":0,"comment_status":"closed","ping_status":"closed","template":"","meta":{"_acf_changed":false,"_et_pb_use_builder":"","_et_pb_old_content":"","_et_gb_content_width":""},"product_brand":[],"product_cat":[6362],"product_tag":[],"class_list":{"0":"post-58032","1":"product","2":"type-product","3":"status-publish","5":"product_cat-kort-til-samtale-boen-opmuntring","7":"first","8":"instock","9":"taxable","10":"shipping-taxable","11":"purchasable","12":"product-type-simple"},"acf":[],"_links":{"self":[{"href":"https:\/\/gavermedmening.dk\/index.php?rest_route=\/wp\/v2\/product\/58032","targetHints":{"allow":["GET"]}}],"collection":[{"href":"https:\/\/gavermedmening.dk\/index.php?rest_route=\/wp\/v2\/product"}],"about":[{"href":"https:\/\/gavermedmening.dk\/index.php?rest_route=\/wp\/v2\/types\/product"}],"replies":[{"embeddable":true,"href":"https:\/\/gavermedmening.dk\/index.php?rest_route=%2Fwp%2Fv2%2Fcomments&post=58032"}],"wp:attachment":[{"href":"https:\/\/gavermedmening.dk\/index.php?rest_route=%2Fwp%2Fv2%2Fmedia&parent=58032"}],"wp:term":[{"taxonomy":"product_brand","embeddable":true,"href":"https:\/\/gavermedmening.dk\/index.php?rest_route=%2Fwp%2Fv2%2Fproduct_brand&post=58032"},{"taxonomy":"product_cat","embeddable":true,"href":"https:\/\/gavermedmening.dk\/index.php?rest_route=%2Fwp%2Fv2%2Fproduct_cat&post=58032"},{"taxonomy":"product_tag","embeddable":true,"href":"https:\/\/gavermedmening.dk\/index.php?rest_route=%2Fwp%2Fv2%2Fproduct_tag&post=58032"}],"curies":[{"name":"wp","href":"https:\/\/api.w.org\/{rel}","templated":true}]}}