{"id":58033,"date":"2024-06-21T10:06:46","date_gmt":"2024-06-21T10:06:46","guid":{"rendered":"https:\/\/gavermedmening.dk\/vare\/livshistorier-samtalekort-om-livet-mens-vi-lever-det\/"},"modified":"2024-11-13T06:49:16","modified_gmt":"2024-11-13T06:49:16","slug":"livshistorier-samtalekort-om-livet-mens-vi-lever-det","status":"publish","type":"product","link":"https:\/\/gavermedmening.dk\/?product=livshistorier-samtalekort-om-livet-mens-vi-lever-det","title":{"rendered":"Livshistorier- samtalekort om livet, mens vi lever det"},"content":{"rendered":"<p><strong>Beskrivelse:<\/strong><\/p>\n<p>Lad dette s\u00e6t af samtalekort danne rammen for at fort\u00e6lle og lytte til nogle af de vigtigste historier fra livet, sammen med dem du holder af.<\/p>\n<p>V\u00e6r nysgerrig og lyt til historierne fra dine for\u00e6ldre, bedstefor\u00e6ldre eller skab rammerne for en anderledes og n\u00e6rv\u00e6rende samtale om livet blandt venner. H\u00f8r godt efter, n\u00e5r det for eksempel lyder: Fort\u00e6l om dit f\u00f8rste venskab. Fort\u00e6l om et vigtigt vendepunkt i dit liv. Eller hvad skal du nogen gange minde dig selv om?<\/p>\n<p>Samtalekortene er udviklet i samarbejde med Forlaget Fort\u00e6l.<\/p>\n<p><strong><span class=\"summary__title\"><span class=\"accordion__title\">S\u00e5dan spiller du:<\/span><\/span><\/strong><\/p>\n<div class=\"accordion__content rte\">\n<p>P\u00e5 hvert kort er der to sp\u00f8rgsm\u00e5l. En spiller tr\u00e6kker et kort. Spilleren bestemmer dern\u00e6st selv, hvem der skal svare og hvilket af de to sp\u00f8rgsm\u00e5l, der skal i spil.<\/p>\n<p>Imens en spiller fort\u00e6ller og svarer p\u00e5 sp\u00f8rgsm\u00e5let, m\u00e5 de andre spillere gerne sp\u00f8rge ind til det som fort\u00e6lles, men det er med den fort\u00e6llende spiller i fokus. Det er vigtigt, at man ikke overtager snakken, men g\u00f8r en dyd ud af at lytte, n\u00e5r der fort\u00e6lles.<\/p>\n<p>N\u00e5r spilleren er f\u00e6rdig med at svare, tr\u00e6kkes et nyt kort og turen g\u00e5r videre. Hvem der er den n\u00e6ste spiller i r\u00e6kken, bestemmes af den spiller, der lige har v\u00e6ret fort\u00e6ller.<\/p>\n<p>Samtalekortene kan bruges b\u00e5de som spil eller interview.<\/p>\n<p><strong><span class=\"summary__title\"><span class=\"accordion__title\">Eksempler p\u00e5 sp\u00f8rgsm\u00e5l:<\/span><\/span><\/strong><\/p>\n<p>Fort\u00e6l om dengang du kom til verden.<\/p>\n<p>Fort\u00e6l om en af de f\u00f8rste ting, som du kan huske.<\/p>\n<p>Fort\u00e6l om et h\u00f8jdepunkt i dit liv.<\/p>\n<p>Fort\u00e6l om et vigtigt vendepunkt i dit liv<\/p>\n<p>Fort\u00e6l om en episode i dit liv, hvor du var meget i tvivl.<\/p>\n<p>Fort\u00e6l om en episode i dit liv, hvor du sagde fra.<\/p>\n<p>Fort\u00e6l om en person eller en sitiation fra din barndom, som har haft en dybtg\u00e5ende effekt p\u00e5 din m\u00e5de at se p\u00e5 livet.<\/p>\n<p>Fort\u00e6l om de opfindelser du bedst kan huske fra op igennem din barndom.<\/p>\n<p>Fort\u00e6l hvordan du oplevede du dine for\u00e6ldres \u00e6gteskab.<\/p>\n<p>Fort\u00e6l om de huspligter du havde, da du voksede op.<\/p>\n<p>Fort\u00e6l om hvilke minder du har sammen med dine s\u00f8skende, fra da du voksede op.<\/p>\n<p>Fort\u00e6l om den landsby eller det omr\u00e5de, som du er vokset op i.<\/p>\n<\/div>\n","protected":false},"excerpt":{"rendered":"<p>Beskrivelse: Lad dette s\u00e6t af samtalekort danne rammen for at fort\u00e6lle og lytte til nogle af de vigtigste historier fra livet, sammen med dem du holder af. V\u00e6r nysgerrig og lyt til historierne fra dine for\u00e6ldre, bedstefor\u00e6ldre eller skab rammerne for en anderledes og n\u00e6rv\u00e6rende samtale om livet blandt venner. H\u00f8r godt efter, n\u00e5r det [&hellip;]<\/p>\n","protected":false},"featured_media":0,"comment_status":"closed","ping_status":"closed","template":"","meta":{"_acf_changed":false,"_et_pb_use_builder":"","_et_pb_old_content":"","_et_gb_content_width":""},"product_brand":[],"product_cat":[6362,6435],"product_tag":[],"class_list":{"0":"post-58033","1":"product","2":"type-product","3":"status-publish","5":"product_cat-kort-til-samtale-boen-opmuntring","6":"product_cat-snak","8":"first","9":"instock","10":"taxable","11":"shipping-taxable","12":"purchasable","13":"product-type-simple"},"acf":[],"_links":{"self":[{"href":"https:\/\/gavermedmening.dk\/index.php?rest_route=\/wp\/v2\/product\/58033","targetHints":{"allow":["GET"]}}],"collection":[{"href":"https:\/\/gavermedmening.dk\/index.php?rest_route=\/wp\/v2\/product"}],"about":[{"href":"https:\/\/gavermedmening.dk\/index.php?rest_route=\/wp\/v2\/types\/product"}],"replies":[{"embeddable":true,"href":"https:\/\/gavermedmening.dk\/index.php?rest_route=%2Fwp%2Fv2%2Fcomments&post=58033"}],"wp:attachment":[{"href":"https:\/\/gavermedmening.dk\/index.php?rest_route=%2Fwp%2Fv2%2Fmedia&parent=58033"}],"wp:term":[{"taxonomy":"product_brand","embeddable":true,"href":"https:\/\/gavermedmening.dk\/index.php?rest_route=%2Fwp%2Fv2%2Fproduct_brand&post=58033"},{"taxonomy":"product_cat","embeddable":true,"href":"https:\/\/gavermedmening.dk\/index.php?rest_route=%2Fwp%2Fv2%2Fproduct_cat&post=58033"},{"taxonomy":"product_tag","embeddable":true,"href":"https:\/\/gavermedmening.dk\/index.php?rest_route=%2Fwp%2Fv2%2Fproduct_tag&post=58033"}],"curies":[{"name":"wp","href":"https:\/\/api.w.org\/{rel}","templated":true}]}}