{"id":58119,"date":"2024-06-21T09:43:42","date_gmt":"2024-06-21T09:43:42","guid":{"rendered":"https:\/\/gavermedmening.dk\/vare\/go-samtale-familieudgave\/"},"modified":"2024-11-13T07:08:22","modified_gmt":"2024-11-13T07:08:22","slug":"go-samtale-familieudgave","status":"publish","type":"product","link":"https:\/\/gavermedmening.dk\/?product=go-samtale-familieudgave","title":{"rendered":"Go&#8217; samtale &#8211; familieudgave"},"content":{"rendered":"<p><strong>Beskrivelse<\/strong>:<\/p>\n<p><strong>Go\u0092 Samtale\u00a0<\/strong>er 90 illustrerede samtalekort om livets store og sm\u00e5? sp\u00f8rgsm\u00e5l. Hvert kort har sit eget emne, og tre sp\u00f8rgsm\u00e5l hj\u00e6lper jer i gang med sp\u00e6ndende samtaler.<\/p>\n<p>Eksempler p\u00e5 emner:<span class=\"Apple-converted-space\">\u00a0<br \/><\/span><em>Selvtillid, sociale medier, ansvar, milj\u00f8, udseende, respekt, mod, sk\u00e6rmtid, bekymring, d\u00f8den, tillid, t\u00e5lmodighed + mange flere<\/em><\/p>\n<p>Tr\u00e6k et kort og styrk jeres forst\u00e5else og sammenhold i familien ved at lytte til hinandens tanker, f\u00f8lelser og holdninger.<\/p>\n<p>Brug fx kortene, n\u00e5r I spiser sammen eller p\u00e5 k\u00f8returen.<\/p>\n<p>P\u00e5 illustrationerne m\u00f8der I en familie p\u00e5 fire og situationer fra hverdagen.<\/p>\n","protected":false},"excerpt":{"rendered":"<p>Beskrivelse: Go\u0092 Samtale\u00a0er 90 illustrerede samtalekort om livets store og sm\u00e5? sp\u00f8rgsm\u00e5l. Hvert kort har sit eget emne, og tre sp\u00f8rgsm\u00e5l hj\u00e6lper jer i gang med sp\u00e6ndende samtaler. Eksempler p\u00e5 emner:\u00a0Selvtillid, sociale medier, ansvar, milj\u00f8, udseende, respekt, mod, sk\u00e6rmtid, bekymring, d\u00f8den, tillid, t\u00e5lmodighed + mange flere Tr\u00e6k et kort og styrk jeres forst\u00e5else og sammenhold [&hellip;]<\/p>\n","protected":false},"featured_media":0,"comment_status":"closed","ping_status":"closed","template":"","meta":{"_acf_changed":false,"_et_pb_use_builder":"","_et_pb_old_content":"","_et_gb_content_width":""},"product_brand":[],"product_cat":[6362],"product_tag":[],"class_list":{"0":"post-58119","1":"product","2":"type-product","3":"status-publish","5":"product_cat-kort-til-samtale-boen-opmuntring","7":"first","8":"instock","9":"taxable","10":"shipping-taxable","11":"purchasable","12":"product-type-simple"},"acf":[],"_links":{"self":[{"href":"https:\/\/gavermedmening.dk\/index.php?rest_route=\/wp\/v2\/product\/58119","targetHints":{"allow":["GET"]}}],"collection":[{"href":"https:\/\/gavermedmening.dk\/index.php?rest_route=\/wp\/v2\/product"}],"about":[{"href":"https:\/\/gavermedmening.dk\/index.php?rest_route=\/wp\/v2\/types\/product"}],"replies":[{"embeddable":true,"href":"https:\/\/gavermedmening.dk\/index.php?rest_route=%2Fwp%2Fv2%2Fcomments&post=58119"}],"wp:attachment":[{"href":"https:\/\/gavermedmening.dk\/index.php?rest_route=%2Fwp%2Fv2%2Fmedia&parent=58119"}],"wp:term":[{"taxonomy":"product_brand","embeddable":true,"href":"https:\/\/gavermedmening.dk\/index.php?rest_route=%2Fwp%2Fv2%2Fproduct_brand&post=58119"},{"taxonomy":"product_cat","embeddable":true,"href":"https:\/\/gavermedmening.dk\/index.php?rest_route=%2Fwp%2Fv2%2Fproduct_cat&post=58119"},{"taxonomy":"product_tag","embeddable":true,"href":"https:\/\/gavermedmening.dk\/index.php?rest_route=%2Fwp%2Fv2%2Fproduct_tag&post=58119"}],"curies":[{"name":"wp","href":"https:\/\/api.w.org\/{rel}","templated":true}]}}