{"id":60573,"date":"2024-11-26T11:07:07","date_gmt":"2024-11-26T11:07:07","guid":{"rendered":"https:\/\/gavermedmening.dk\/vare\/notesbog-i-aegte-laeder\/"},"modified":"2024-11-26T12:04:01","modified_gmt":"2024-11-26T12:04:01","slug":"notesbog-i-aegte-laeder","status":"publish","type":"product","link":"https:\/\/gavermedmening.dk\/?product=notesbog-i-aegte-laeder","title":{"rendered":"Notesbog i \u00e6gte l\u00e6der &#8211; h\u00e5ndlavet"},"content":{"rendered":"<p><strong>Produktdetaljer<\/strong><\/p>\n<p>H\u00e5ndlavet af h\u00f8j kvalitet \u00e6gte l\u00e6der.<\/p>\n<p>Sikker stroplukning holder dit indhold privat.<\/p>\n<p>F\u00e5s i forskellige st\u00f8rrelser:<\/p>\n<ul>\n<li>A6 &#8211; 4,1&#8243; x 5,8&#8243; (10,4 cm x 14,7 cm),<\/li>\n<li>A5 &#8211; 5,8&#8243; x 8,3&#8243; (14,7 cm x 21 cm),<\/li>\n<li>A4 &#8211; 8,3&#8243; x 11,7&#8243; (21 cm x 29,7 cm).<\/li>\n<\/ul>\n<p>Inkluderer papir, klar til brug med det samme.<\/p>\n<p>Tilg\u00e6ngelige l\u00e6derfarver: Sort, Cognac, M\u00f8rkebrun, Gr\u00f8n, Lys Cognac.<\/p>\n<p><strong>Design og Funktionalitet<\/strong><\/p>\n<p>Klassisk og elegant design.<\/p>\n<p>Stroplukningen sikrer, at siderne forbliver flade, og indholdet er sikkert.<\/p>\n<p>Glat papir er perfekt til at skrive med pen, blyant eller mark\u00f8rer.<\/p>\n<p>Kompakt A6 st\u00f8rrelse er ideel til rejser; A5 og A4 giver mere plads.<\/p>\n<p>Perfekt til<\/p>\n<ul>\n<li>At nedskrive daglige tanker, refleksioner og overvejelser.<\/li>\n<li>At skitsere, tegne eller lave kunstjournal.<\/li>\n<li>At tage noter under m\u00f8der, klasser eller workshops.<\/li>\n<li>En gennemf\u00f8rt, mindev\u00e6rdig gave til enhver lejlighed.<\/li>\n<\/ul>\n<p><strong>Funktioner og Fordele<\/strong><\/p>\n<ul>\n<li>H\u00e5ndlavet af \u00e6gte l\u00e6der: smukt udseende og indtryk<\/li>\n<li>Stroplukning: for at holde indholdet sikkert<\/li>\n<li>Flere st\u00f8rrelser tilg\u00e6ngelige: for at im\u00f8dekomme forskellige behov og pr\u00e6ferencer<\/li>\n<li>Inkluderer papir: klar til brug med det samme<\/li>\n<li>Mulighed for personalisering: gravering eller stempling.<\/li>\n<\/ul>\n<p><strong>Holdbarhed og Pleje<\/strong><\/p>\n<p>Den holdbare \u00e6gte l\u00e6dercover vil kunne modst\u00e5 daglig brug og rejser. Det h\u00f8j kvalitet \u00e6gte l\u00e6der \u00e6ldes smukt over tid. Ingen speciel pleje er n\u00f8dvendig.<\/p>\n<p><strong>Personalisering<\/strong><\/p>\n<p>1. Laserindgravering: br\u00e6ndt ind i l\u00e6deret med tekst eller billede, logo eller en hjertelig besked. N\u00e5r du har bestilt kan du sende dit billede eller logo til info@artos.dk, og lad os klare resten.<\/p>\n<p>2. Pr\u00e6gning\/stempling: pr\u00e6get ind i l\u00e6deret med varme metal bogstaver. Bedst til initialer, symboler eller korte ord.<\/p>\n<p>3. Farvet pr\u00e6gning: Det samme som pr\u00e6gning, men med p\u00e5f\u00f8ring af s\u00f8lv- eller guldfarvet folie. Bedst til initialer, symboler og korte ord.<\/p>\n<p>Personalisering koster 75,- og bestilles ved at maile til info@artos.dk<\/p>\n","protected":false},"excerpt":{"rendered":"<p>Bevar dine tanker og minder i denne eksklusive h\u00e5ndlavede l\u00e6dernotesbog. Fremstillet af h\u00f8j kvalitet \u00e6gte l\u00e6der, tilbyder den en tidl\u00f8s og sofistikeret m\u00e5de at nedskrive dine tanker, skitser eller vigtige noter p\u00e5.<\/p>\n","protected":false},"featured_media":60574,"comment_status":"closed","ping_status":"closed","template":"","meta":{"_acf_changed":false,"_et_pb_use_builder":"","_et_pb_old_content":"","_et_gb_content_width":""},"product_brand":[],"product_cat":[6396,6438],"product_tag":[],"class_list":{"0":"post-60573","1":"product","2":"type-product","3":"status-publish","4":"has-post-thumbnail","6":"product_cat-notesboeger-og-blokke","7":"product_cat-pikore","8":"pa_farve-cognac","9":"pa_farve-groen","10":"pa_farve-lys-cognac","11":"pa_farve-moerkebrun","12":"pa_farve-sort","13":"pa_stoerrrelse-a4-21-cm-x-297-cm","14":"pa_stoerrrelse-a5-147-cm-x-21-cm","15":"pa_stoerrrelse-a6-104-cm-x-147-cm","17":"first","18":"instock","19":"taxable","20":"shipping-taxable","21":"product-type-variable"},"acf":[],"_links":{"self":[{"href":"https:\/\/gavermedmening.dk\/index.php?rest_route=\/wp\/v2\/product\/60573","targetHints":{"allow":["GET"]}}],"collection":[{"href":"https:\/\/gavermedmening.dk\/index.php?rest_route=\/wp\/v2\/product"}],"about":[{"href":"https:\/\/gavermedmening.dk\/index.php?rest_route=\/wp\/v2\/types\/product"}],"replies":[{"embeddable":true,"href":"https:\/\/gavermedmening.dk\/index.php?rest_route=%2Fwp%2Fv2%2Fcomments&post=60573"}],"wp:featuredmedia":[{"embeddable":true,"href":"https:\/\/gavermedmening.dk\/index.php?rest_route=\/wp\/v2\/media\/60574"}],"wp:attachment":[{"href":"https:\/\/gavermedmening.dk\/index.php?rest_route=%2Fwp%2Fv2%2Fmedia&parent=60573"}],"wp:term":[{"taxonomy":"product_brand","embeddable":true,"href":"https:\/\/gavermedmening.dk\/index.php?rest_route=%2Fwp%2Fv2%2Fproduct_brand&post=60573"},{"taxonomy":"product_cat","embeddable":true,"href":"https:\/\/gavermedmening.dk\/index.php?rest_route=%2Fwp%2Fv2%2Fproduct_cat&post=60573"},{"taxonomy":"product_tag","embeddable":true,"href":"https:\/\/gavermedmening.dk\/index.php?rest_route=%2Fwp%2Fv2%2Fproduct_tag&post=60573"}],"curies":[{"name":"wp","href":"https:\/\/api.w.org\/{rel}","templated":true}]}}