{"id":60723,"date":"2024-11-27T19:55:11","date_gmt":"2024-11-27T19:55:11","guid":{"rendered":"https:\/\/gavermedmening.dk\/?post_type=product&#038;p=60723"},"modified":"2024-12-06T15:31:52","modified_gmt":"2024-12-06T15:31:52","slug":"jesus-way-truth-life-printed-t-shirt-men","status":"publish","type":"product","link":"https:\/\/gavermedmening.dk\/?product=jesus-way-truth-life-printed-t-shirt-men","title":{"rendered":"Jesus &#8211; way, truth, life &#8211; printed t-shirt (men)"},"content":{"rendered":"<p>H\u00e5ndlavet t-shirt i bomuld<\/p>\n<p>T-shirt i til hverdagsbrug.<br \/>\nJESUS gennemstreget af ordene Way &#8211; Truth &#8211; Life print p\u00e5 stor central placering.<\/p>\n<p>B\u00e6r din tro, del din tro, spred evangeliet.<\/p>\n<p>Tjek st\u00f8rrelsesguide (p\u00e5 billedet) f\u00f8r bestilling.<\/p>\n","protected":false},"excerpt":{"rendered":"<p>H\u00e5ndlavet t-shirt i bomuld T-shirt i til hverdagsbrug. JESUS gennemstreget af ordene Way &#8211; Truth &#8211; Life print p\u00e5 stor central placering. B\u00e6r din tro, del din tro, spred evangeliet. Tjek st\u00f8rrelsesguide (p\u00e5 billedet) f\u00f8r bestilling.<\/p>\n","protected":false},"featured_media":60738,"comment_status":"closed","ping_status":"closed","template":"","meta":{"_acf_changed":false,"_et_pb_use_builder":"","_et_pb_old_content":"","_et_gb_content_width":""},"product_brand":[],"product_cat":[6154],"product_tag":[6190],"class_list":{"0":"post-60723","1":"product","2":"type-product","3":"status-publish","4":"has-post-thumbnail","6":"product_cat-t-shirts-herre","7":"product_tag-t-shirts","8":"pa_farve-black","9":"pa_farve-navy-blue","10":"pa_farve-white","11":"pa_stoerrrelse-large","12":"pa_stoerrrelse-medium","13":"pa_stoerrrelse-small","14":"pa_stoerrrelse-x-large","16":"first","17":"instock","18":"taxable","19":"shipping-taxable","20":"purchasable","21":"product-type-variable"},"acf":[],"_links":{"self":[{"href":"https:\/\/gavermedmening.dk\/index.php?rest_route=\/wp\/v2\/product\/60723","targetHints":{"allow":["GET"]}}],"collection":[{"href":"https:\/\/gavermedmening.dk\/index.php?rest_route=\/wp\/v2\/product"}],"about":[{"href":"https:\/\/gavermedmening.dk\/index.php?rest_route=\/wp\/v2\/types\/product"}],"replies":[{"embeddable":true,"href":"https:\/\/gavermedmening.dk\/index.php?rest_route=%2Fwp%2Fv2%2Fcomments&post=60723"}],"wp:featuredmedia":[{"embeddable":true,"href":"https:\/\/gavermedmening.dk\/index.php?rest_route=\/wp\/v2\/media\/60738"}],"wp:attachment":[{"href":"https:\/\/gavermedmening.dk\/index.php?rest_route=%2Fwp%2Fv2%2Fmedia&parent=60723"}],"wp:term":[{"taxonomy":"product_brand","embeddable":true,"href":"https:\/\/gavermedmening.dk\/index.php?rest_route=%2Fwp%2Fv2%2Fproduct_brand&post=60723"},{"taxonomy":"product_cat","embeddable":true,"href":"https:\/\/gavermedmening.dk\/index.php?rest_route=%2Fwp%2Fv2%2Fproduct_cat&post=60723"},{"taxonomy":"product_tag","embeddable":true,"href":"https:\/\/gavermedmening.dk\/index.php?rest_route=%2Fwp%2Fv2%2Fproduct_tag&post=60723"}],"curies":[{"name":"wp","href":"https:\/\/api.w.org\/{rel}","templated":true}]}}