{"id":60802,"date":"2024-11-27T22:22:38","date_gmt":"2024-11-27T22:22:38","guid":{"rendered":"https:\/\/gavermedmening.dk\/?post_type=product&#038;p=60802"},"modified":"2024-12-06T15:10:38","modified_gmt":"2024-12-06T15:10:38","slug":"reckless-love-printed-t-shirt-women","status":"publish","type":"product","link":"https:\/\/gavermedmening.dk\/?product=reckless-love-printed-t-shirt-women","title":{"rendered":"Reckless Love &#8211; printed t-shirt (women)"},"content":{"rendered":"<p>H\u00e5ndlavet t-shirt i bomuld<\/p>\n<p>T-shirt i hvid til hverdagsbrug.<br \/>\nReckless Love print p\u00e5 stor central placering.<\/p>\n<p>B\u00e6r din tro, del din tro, spred evangeliet.<\/p>\n<p>Tjek st\u00f8rrelsesguide (p\u00e5 billedet) f\u00f8r bestilling.<\/p>\n","protected":false},"excerpt":{"rendered":"<p>H\u00e5ndlavet t-shirt i bomuld T-shirt i hvid til hverdagsbrug. Reckless Love print p\u00e5 stor central placering. B\u00e6r din tro, del din tro, spred evangeliet. Tjek st\u00f8rrelsesguide (p\u00e5 billedet) f\u00f8r bestilling.<\/p>\n","protected":false},"featured_media":60819,"comment_status":"closed","ping_status":"closed","template":"","meta":{"_acf_changed":false,"_et_pb_use_builder":"","_et_pb_old_content":"","_et_gb_content_width":""},"product_brand":[],"product_cat":[6153],"product_tag":[6190],"class_list":{"0":"post-60802","1":"product","2":"type-product","3":"status-publish","4":"has-post-thumbnail","6":"product_cat-t-shirts-dame","7":"product_tag-t-shirts","8":"pa_farve-black","9":"pa_farve-green","10":"pa_farve-orange","11":"pa_farve-white","12":"pa_stoerrrelse-large","13":"pa_stoerrrelse-medium","14":"pa_stoerrrelse-small","15":"pa_stoerrrelse-x-large","17":"first","18":"instock","19":"taxable","20":"shipping-taxable","21":"purchasable","22":"product-type-variable"},"acf":[],"_links":{"self":[{"href":"https:\/\/gavermedmening.dk\/index.php?rest_route=\/wp\/v2\/product\/60802","targetHints":{"allow":["GET"]}}],"collection":[{"href":"https:\/\/gavermedmening.dk\/index.php?rest_route=\/wp\/v2\/product"}],"about":[{"href":"https:\/\/gavermedmening.dk\/index.php?rest_route=\/wp\/v2\/types\/product"}],"replies":[{"embeddable":true,"href":"https:\/\/gavermedmening.dk\/index.php?rest_route=%2Fwp%2Fv2%2Fcomments&post=60802"}],"wp:featuredmedia":[{"embeddable":true,"href":"https:\/\/gavermedmening.dk\/index.php?rest_route=\/wp\/v2\/media\/60819"}],"wp:attachment":[{"href":"https:\/\/gavermedmening.dk\/index.php?rest_route=%2Fwp%2Fv2%2Fmedia&parent=60802"}],"wp:term":[{"taxonomy":"product_brand","embeddable":true,"href":"https:\/\/gavermedmening.dk\/index.php?rest_route=%2Fwp%2Fv2%2Fproduct_brand&post=60802"},{"taxonomy":"product_cat","embeddable":true,"href":"https:\/\/gavermedmening.dk\/index.php?rest_route=%2Fwp%2Fv2%2Fproduct_cat&post=60802"},{"taxonomy":"product_tag","embeddable":true,"href":"https:\/\/gavermedmening.dk\/index.php?rest_route=%2Fwp%2Fv2%2Fproduct_tag&post=60802"}],"curies":[{"name":"wp","href":"https:\/\/api.w.org\/{rel}","templated":true}]}}