{"id":61002,"date":"2024-12-03T15:48:04","date_gmt":"2024-12-03T15:48:04","guid":{"rendered":"https:\/\/gavermedmening.dk\/?post_type=product&#038;p=61002"},"modified":"2024-12-06T16:23:42","modified_gmt":"2024-12-06T16:23:42","slug":"wildflower-printed-t-shirt-women","status":"publish","type":"product","link":"https:\/\/gavermedmening.dk\/?product=wildflower-printed-t-shirt-women","title":{"rendered":"Wildflower &#8211; printed t-shirt (women)"},"content":{"rendered":"<p>H\u00e5ndlavet t-shirt i bomuld<\/p>\n<p>T-shirt i til hverdagsbrug.<\/p>\n<p>Blomster med teksten <strong>Consider how the wildflower grow (Luke 12:27)<\/strong> placeret centralt p\u00e5 t-shirten.<\/p>\n<p>B\u00e6r din tro, del din tro, spred evangeliet.<\/p>\n<p>Tjek st\u00f8rrelsesguide (p\u00e5 billedet) f\u00f8r bestilling.<\/p>\n","protected":false},"excerpt":{"rendered":"<p>H\u00e5ndlavet t-shirt i bomuld T-shirt i til hverdagsbrug. Blomster med teksten Consider how the wildflower grow (Luke 12:27) placeret centralt p\u00e5 t-shirten. B\u00e6r din tro, del din tro, spred evangeliet. Tjek st\u00f8rrelsesguide (p\u00e5 billedet) f\u00f8r bestilling.<\/p>\n","protected":false},"featured_media":60790,"comment_status":"closed","ping_status":"closed","template":"","meta":{"_acf_changed":false,"_et_pb_use_builder":"","_et_pb_old_content":"","_et_gb_content_width":""},"product_brand":[],"product_cat":[6153],"product_tag":[6190],"class_list":{"0":"post-61002","1":"product","2":"type-product","3":"status-publish","4":"has-post-thumbnail","6":"product_cat-t-shirts-dame","7":"product_tag-t-shirts","8":"pa_farve-sand","9":"pa_farve-white","10":"pa_stoerrrelse-large","11":"pa_stoerrrelse-medium","12":"pa_stoerrrelse-small","13":"pa_stoerrrelse-x-large","15":"first","16":"instock","17":"taxable","18":"shipping-taxable","19":"purchasable","20":"product-type-variable"},"acf":[],"_links":{"self":[{"href":"https:\/\/gavermedmening.dk\/index.php?rest_route=\/wp\/v2\/product\/61002","targetHints":{"allow":["GET"]}}],"collection":[{"href":"https:\/\/gavermedmening.dk\/index.php?rest_route=\/wp\/v2\/product"}],"about":[{"href":"https:\/\/gavermedmening.dk\/index.php?rest_route=\/wp\/v2\/types\/product"}],"replies":[{"embeddable":true,"href":"https:\/\/gavermedmening.dk\/index.php?rest_route=%2Fwp%2Fv2%2Fcomments&post=61002"}],"wp:featuredmedia":[{"embeddable":true,"href":"https:\/\/gavermedmening.dk\/index.php?rest_route=\/wp\/v2\/media\/60790"}],"wp:attachment":[{"href":"https:\/\/gavermedmening.dk\/index.php?rest_route=%2Fwp%2Fv2%2Fmedia&parent=61002"}],"wp:term":[{"taxonomy":"product_brand","embeddable":true,"href":"https:\/\/gavermedmening.dk\/index.php?rest_route=%2Fwp%2Fv2%2Fproduct_brand&post=61002"},{"taxonomy":"product_cat","embeddable":true,"href":"https:\/\/gavermedmening.dk\/index.php?rest_route=%2Fwp%2Fv2%2Fproduct_cat&post=61002"},{"taxonomy":"product_tag","embeddable":true,"href":"https:\/\/gavermedmening.dk\/index.php?rest_route=%2Fwp%2Fv2%2Fproduct_tag&post=61002"}],"curies":[{"name":"wp","href":"https:\/\/api.w.org\/{rel}","templated":true}]}}