{"id":61018,"date":"2024-12-05T16:35:57","date_gmt":"2024-12-05T16:35:57","guid":{"rendered":"https:\/\/gavermedmening.dk\/?post_type=product&#038;p=61018"},"modified":"2025-04-04T10:13:32","modified_gmt":"2025-04-04T10:13:32","slug":"jesus-way-truth-life-printed-t-shirt-women","status":"publish","type":"product","link":"https:\/\/gavermedmening.dk\/?product=jesus-way-truth-life-printed-t-shirt-women","title":{"rendered":"Jesus &#8211; way, truth, life &#8211; printed t-shirt (women)"},"content":{"rendered":"<p>H\u00e5ndlavet t-shirt i bomuld<\/p>\n<p>T-shirt i royal blue til hverdagsbrug.<br \/>\n<strong>JESUS<\/strong> gennemstreget af ordene <strong>Way &#8211; Truth &#8211; Life<\/strong> print p\u00e5 stor central placering.<\/p>\n<p>B\u00e6r din tro, del din tro, spred evangeliet.<\/p>\n<p>Tjek st\u00f8rrelsesguide (p\u00e5 billedet) f\u00f8r bestilling.<\/p>\n","protected":false},"excerpt":{"rendered":"<p>H\u00e5ndlavet t-shirt i bomuld T-shirt i royal blue til hverdagsbrug. JESUS gennemstreget af ordene Way &#8211; Truth &#8211; Life print p\u00e5 stor central placering. B\u00e6r din tro, del din tro, spred evangeliet. Tjek st\u00f8rrelsesguide (p\u00e5 billedet) f\u00f8r bestilling.<\/p>\n","protected":false},"featured_media":61023,"comment_status":"closed","ping_status":"closed","template":"","meta":{"_acf_changed":false,"_et_pb_use_builder":"","_et_pb_old_content":"","_et_gb_content_width":""},"product_brand":[],"product_cat":[6153],"product_tag":[6190],"class_list":{"0":"post-61018","1":"product","2":"type-product","3":"status-publish","4":"has-post-thumbnail","6":"product_cat-t-shirts-dame","7":"product_tag-t-shirts","8":"pa_farve-royal-blue","9":"pa_stoerrrelse-large","10":"pa_stoerrrelse-medium","11":"pa_stoerrrelse-small","12":"pa_stoerrrelse-x-large","14":"first","15":"instock","16":"taxable","17":"shipping-taxable","18":"purchasable","19":"product-type-variable"},"acf":[],"_links":{"self":[{"href":"https:\/\/gavermedmening.dk\/index.php?rest_route=\/wp\/v2\/product\/61018","targetHints":{"allow":["GET"]}}],"collection":[{"href":"https:\/\/gavermedmening.dk\/index.php?rest_route=\/wp\/v2\/product"}],"about":[{"href":"https:\/\/gavermedmening.dk\/index.php?rest_route=\/wp\/v2\/types\/product"}],"replies":[{"embeddable":true,"href":"https:\/\/gavermedmening.dk\/index.php?rest_route=%2Fwp%2Fv2%2Fcomments&post=61018"}],"wp:featuredmedia":[{"embeddable":true,"href":"https:\/\/gavermedmening.dk\/index.php?rest_route=\/wp\/v2\/media\/61023"}],"wp:attachment":[{"href":"https:\/\/gavermedmening.dk\/index.php?rest_route=%2Fwp%2Fv2%2Fmedia&parent=61018"}],"wp:term":[{"taxonomy":"product_brand","embeddable":true,"href":"https:\/\/gavermedmening.dk\/index.php?rest_route=%2Fwp%2Fv2%2Fproduct_brand&post=61018"},{"taxonomy":"product_cat","embeddable":true,"href":"https:\/\/gavermedmening.dk\/index.php?rest_route=%2Fwp%2Fv2%2Fproduct_cat&post=61018"},{"taxonomy":"product_tag","embeddable":true,"href":"https:\/\/gavermedmening.dk\/index.php?rest_route=%2Fwp%2Fv2%2Fproduct_tag&post=61018"}],"curies":[{"name":"wp","href":"https:\/\/api.w.org\/{rel}","templated":true}]}}